{"id":7376,"date":"2025-03-24T16:53:16","date_gmt":"2025-03-24T16:53:16","guid":{"rendered":"https:\/\/cupping-centres.com\/?page_id=7376"},"modified":"2025-08-29T12:40:01","modified_gmt":"2025-08-29T12:40:01","slug":"blog","status":"publish","type":"page","link":"https:\/\/cupping-centres.com\/en\/blog\/","title":{"rendered":"BLOG"},"content":{"rendered":"<div data-elementor-type=\"wp-page\" data-elementor-id=\"7376\" class=\"elementor elementor-7376\">\n\t\t\t\t\t\t<section class=\"elementor-section elementor-top-section elementor-element elementor-element-71e5c23 elementor-section-boxed elementor-section-height-default elementor-section-height-default\" data-id=\"71e5c23\" data-element_type=\"section\">\n\t\t\t\t\t\t<div class=\"elementor-container elementor-column-gap-default\">\n\t\t\t\t\t<div class=\"elementor-column elementor-col-100 elementor-top-column elementor-element elementor-element-4bf50ad\" data-id=\"4bf50ad\" data-element_type=\"column\" data-settings=\"{&quot;background_background&quot;:&quot;classic&quot;}\">\n\t\t\t<div class=\"elementor-widget-wrap elementor-element-populated\">\n\t\t\t\t\t\t<div class=\"elementor-element elementor-element-4125179 elementor-widget elementor-widget-eael-post-timeline\" data-id=\"4125179\" data-element_type=\"widget\" data-widget_type=\"eael-post-timeline.default\">\n\t\t\t\t<div class=\"elementor-widget-container\">\n\t\t\t<div id=\"eael-post-timeline-4125179\" class=\"eael-post-timeline timeline-layout-default eael-post-timeline-arrow-\">\n            <div class=\"eael-post-timeline eael-post-appender eael-post-appender-4125179\"><article class=\"eael-timeline-post eael-timeline-column\">\n    <div class=\"eael-timeline-bullet\"><\/div>\n    <div class=\"eael-timeline-post-inner\">\n        <a class=\"eael-timeline-post-link\" href=\"https:\/\/cupping-centres.com\/en\/2025\/08\/29\/cupping-lica-drevna-tehnika-za-prirodno-pomladivanje-koze\/\" title=\"Cupping lica \u2013 drevna tehnika za prirodno pomla\u0111ivanje ko\u017ee\">\n            <time datetime=\"August 29, 2025\">August 29, 2025<\/time>\n            <div class=\"eael-timeline-post-image attachment-medium size-medium\" style=\"background-image: url(https:\/\/cupping-centres.com\/wp-content\/uploads\/2025\/08\/WhatsApp-Image-2025-08-29-at-14.24.39.jpeg);\"><\/div><div class=\"eael-timeline-post-excerpt\"><p>Cupping lica \u2013 drevna tehnika za prirodno pomla\u0111ivanje ko\u017ee Povratak...<\/p><\/div><div class=\"eael-timeline-post-title\">\n                    <h2 class=\"eael-timeline-post-title-text\">Cupping lica \u2013 drevna tehnika za prirodno pomla\u0111ivanje ko\u017ee<\/h2>\n                <\/div><\/a>\n    <\/div>\n<\/article><article class=\"eael-timeline-post eael-timeline-column\">\n    <div class=\"eael-timeline-bullet\"><\/div>\n    <div class=\"eael-timeline-post-inner\">\n        <a class=\"eael-timeline-post-link\" href=\"https:\/\/cupping-centres.com\/en\/2025\/07\/28\/zdravlje-nije-luksuz-vec-vas-svakodnevni-zivot\/\" title=\"Zdravlje nije luksuz, ve\u0107 Va\u0161 svakodnevni \u017eivot\">\n            <time datetime=\"July 28, 2025\">July 28, 2025<\/time>\n            <div class=\"eael-timeline-post-image attachment-medium size-medium\" style=\"background-image: url(https:\/\/cupping-centres.com\/wp-content\/uploads\/2025\/07\/pexels-shvetsa-4672438.jpg);\"><\/div><div class=\"eael-timeline-post-excerpt\"><p>Zdravlje nije luksuz, ve\u0107 Va\u0161 svakodnevni \u017eivot U vremenu u...<\/p><\/div><div class=\"eael-timeline-post-title\">\n                    <h2 class=\"eael-timeline-post-title-text\">Zdravlje nije luksuz, ve\u0107 Va\u0161 svakodnevni \u017eivot<\/h2>\n                <\/div><\/a>\n    <\/div>\n<\/article><article class=\"eael-timeline-post eael-timeline-column\">\n    <div class=\"eael-timeline-bullet\"><\/div>\n    <div class=\"eael-timeline-post-inner\">\n        <a class=\"eael-timeline-post-link\" href=\"https:\/\/cupping-centres.com\/en\/2025\/06\/25\/utjecaj-cupping-terapije-na-sportase-zasto-ju-biraju-i-vrhunski-atleticari\/\" title=\"Utjecaj cupping terapije na sporta\u0161e: za\u0161to ju biraju i vrhunski atleti\u010dari?\">\n            <time datetime=\"June 25, 2025\">June 25, 2025<\/time>\n            <div class=\"eael-timeline-post-image attachment-medium size-medium\" style=\"background-image: url(https:\/\/cupping-centres.com\/wp-content\/uploads\/2025\/03\/krug-lezi.jpg);\"><\/div><div class=\"eael-timeline-post-excerpt\"><p>Utjecaj cupping terapije na sporta\u0161e: za\u0161to ju biraju i vrhunski...<\/p><\/div><div class=\"eael-timeline-post-title\">\n                    <h2 class=\"eael-timeline-post-title-text\">Utjecaj cupping terapije na sporta\u0161e: za\u0161to ju biraju i vrhunski atleti\u010dari?<\/h2>\n                <\/div><\/a>\n    <\/div>\n<\/article><article class=\"eael-timeline-post eael-timeline-column\">\n    <div class=\"eael-timeline-bullet\"><\/div>\n    <div class=\"eael-timeline-post-inner\">\n        <a class=\"eael-timeline-post-link\" href=\"https:\/\/cupping-centres.com\/en\/2025\/06\/04\/znakovi-i-cimbenici-rizika-za-srcane-probleme-kod-djece-sto-treba-primijetiti-na-vrijeme\/\" title=\"Znakovi i \u010dimbenici rizika za sr\u010dane probleme kod djece \u2013 \u0161to treba primijetiti na vrijeme\">\n            <time datetime=\"June 4, 2025\">June 4, 2025<\/time>\n            <div class=\"eael-timeline-post-image attachment-medium size-medium\" style=\"background-image: url(https:\/\/cupping-centres.com\/wp-content\/uploads\/2025\/06\/pexels-ajaybhargavguduru-939700.jpg);\"><\/div><div class=\"eael-timeline-post-excerpt\"><p>Znakovi i \u010dimbenici rizika za sr\u010dane probleme kod djece \u2013...<\/p><\/div><div class=\"eael-timeline-post-title\">\n                    <h2 class=\"eael-timeline-post-title-text\">Znakovi i \u010dimbenici rizika za sr\u010dane probleme kod djece \u2013 \u0161to treba primijetiti na vrijeme<\/h2>\n                <\/div><\/a>\n    <\/div>\n<\/article><article class=\"eael-timeline-post eael-timeline-column\">\n    <div class=\"eael-timeline-bullet\"><\/div>\n    <div class=\"eael-timeline-post-inner\">\n        <a class=\"eael-timeline-post-link\" href=\"https:\/\/cupping-centres.com\/en\/2025\/05\/12\/kako-ocuvati-zdravlje-srca-10-cjelovitih-pristupa-za-snazno-srce-i-uravnotezen-zivot\/\" title=\"Kako o\u010duvati zdravlje srca \u2013 10 cjelovitih pristupa za sna\u017eno srce i uravnote\u017een \u017eivot\">\n            <time datetime=\"May 12, 2025\">May 12, 2025<\/time>\n            <div class=\"eael-timeline-post-image attachment-medium size-medium\" style=\"background-image: url(https:\/\/cupping-centres.com\/wp-content\/uploads\/2025\/05\/pexels-puwadon-sang-ngern-2168173-5340270.jpg);\"><\/div><div class=\"eael-timeline-post-excerpt\"><p>Kako o\u010duvati zdravlje srca &#8211; 10 cjelovitih pristupa za sna\u017eno...<\/p><\/div><div class=\"eael-timeline-post-title\">\n                    <h2 class=\"eael-timeline-post-title-text\">Kako o\u010duvati zdravlje srca \u2013 10 cjelovitih pristupa za sna\u017eno srce i uravnote\u017een \u017eivot<\/h2>\n                <\/div><\/a>\n    <\/div>\n<\/article><article class=\"eael-timeline-post eael-timeline-column\">\n    <div class=\"eael-timeline-bullet\"><\/div>\n    <div class=\"eael-timeline-post-inner\">\n        <a class=\"eael-timeline-post-link\" href=\"https:\/\/cupping-centres.com\/en\/2025\/05\/05\/9-navika-koje-je-dobro-izbjegavati-i-nekoliko-koje-vrijedi-usvojiti\/\" title=\"9 navika koje je dobro izbjegavati &#8211; i nekoliko koje vrijedi usvojiti\">\n            <time datetime=\"May 5, 2025\">May 5, 2025<\/time>\n            <div class=\"eael-timeline-post-image attachment-medium size-medium\" style=\"background-image: url(https:\/\/cupping-centres.com\/wp-content\/uploads\/2025\/05\/pexels-mdsnmdsnmdsn-2821823.jpg);\"><\/div><div class=\"eael-timeline-post-excerpt\"><p>9 navika koje je dobro izbjegavati &#8211; i nekoliko koje...<\/p><\/div><div class=\"eael-timeline-post-title\">\n                    <h2 class=\"eael-timeline-post-title-text\">9 navika koje je dobro izbjegavati &#8211; i nekoliko koje vrijedi usvojiti<\/h2>\n                <\/div><\/a>\n    <\/div>\n<\/article><article class=\"eael-timeline-post eael-timeline-column\">\n    <div class=\"eael-timeline-bullet\"><\/div>\n    <div class=\"eael-timeline-post-inner\">\n        <a class=\"eael-timeline-post-link\" href=\"https:\/\/cupping-centres.com\/en\/2025\/04\/17\/primjeri-iz-prakse-utjecaj-cuppinga-na-pacijente-s-dijabetesom\/\" title=\"Primjeri iz prakse: Utjecaj cuppinga na pacijente s dijabetesom\">\n            <time datetime=\"April 17, 2025\">April 17, 2025<\/time>\n            <div class=\"eael-timeline-post-image attachment-medium size-medium\" style=\"background-image: url(https:\/\/cupping-centres.com\/wp-content\/uploads\/2025\/03\/Dizajn-bez-naslova-4.png);\"><\/div><div class=\"eael-timeline-post-excerpt\"><p>Primjeri iz prakse: Utjecaj cuppinga na pacijente s dijabetesom \u00a0...<\/p><\/div><div class=\"eael-timeline-post-title\">\n                    <h2 class=\"eael-timeline-post-title-text\">Primjeri iz prakse: Utjecaj cuppinga na pacijente s dijabetesom<\/h2>\n                <\/div><\/a>\n    <\/div>\n<\/article><article class=\"eael-timeline-post eael-timeline-column\">\n    <div class=\"eael-timeline-bullet\"><\/div>\n    <div class=\"eael-timeline-post-inner\">\n        <a class=\"eael-timeline-post-link\" href=\"https:\/\/cupping-centres.com\/en\/2025\/04\/17\/utjecaj-cuppinga-na-pacijente-s-dijabetesom-komplementarna-terapija-za-poboljsanje-perifernog-krvotoka-smanjenje-otoka-i-edema\/\" title=\"Utjecaj Cuppinga na pacijente s dijabetesom: Komplementarna terapija za pobolj\u0161anje perifernog krvotoka, smanjenje otoka i edema\">\n            <time datetime=\"April 17, 2025\">April 17, 2025<\/time>\n            <div class=\"eael-timeline-post-image attachment-medium size-medium\" style=\"background-image: url(https:\/\/cupping-centres.com\/wp-content\/uploads\/2025\/04\/pexels-n-voitkevich-6942013.jpg);\"><\/div><div class=\"eael-timeline-post-excerpt\"><p>Utjecaj Cuppinga na pacijente s dijabetesom: Komplementarna terapija za pobolj\u0161anje...<\/p><\/div><div class=\"eael-timeline-post-title\">\n                    <h2 class=\"eael-timeline-post-title-text\">Utjecaj Cuppinga na pacijente s dijabetesom: Komplementarna terapija za pobolj\u0161anje perifernog krvotoka, smanjenje otoka i edema<\/h2>\n                <\/div><\/a>\n    <\/div>\n<\/article><article class=\"eael-timeline-post eael-timeline-column\">\n    <div class=\"eael-timeline-bullet\"><\/div>\n    <div class=\"eael-timeline-post-inner\">\n        <a class=\"eael-timeline-post-link\" href=\"https:\/\/cupping-centres.com\/en\/2025\/04\/14\/vodic-za-kucno-cupping-tretiranje-lica\/\" title=\"Vodi\u0107 za ku\u0107no cupping tretiranje lica\">\n            <time datetime=\"April 14, 2025\">April 14, 2025<\/time>\n            <div class=\"eael-timeline-post-image attachment-medium size-medium\" style=\"background-image: url(https:\/\/cupping-centres.com\/wp-content\/uploads\/2025\/04\/cupping_lica.png.jpg);\"><\/div><div class=\"eael-timeline-post-excerpt\"><p>Vodi\u0107 za ku\u0107no cupping tretiranje lica Cupping lice pobolj\u0161ava cirkulaciju,...<\/p><\/div><div class=\"eael-timeline-post-title\">\n                    <h2 class=\"eael-timeline-post-title-text\">Vodi\u0107 za ku\u0107no cupping tretiranje lica<\/h2>\n                <\/div><\/a>\n    <\/div>\n<\/article><article class=\"eael-timeline-post eael-timeline-column\">\n    <div class=\"eael-timeline-bullet\"><\/div>\n    <div class=\"eael-timeline-post-inner\">\n        <a class=\"eael-timeline-post-link\" href=\"https:\/\/cupping-centres.com\/en\/2025\/04\/10\/secer-tihi-neprijatelj-zdravlja-utjecaj-na-tumore-mozak-i-apetit\/\" title=\"\u0160e\u0107er \u2013 tihi neprijatelj zdravlja: Utjecaj na tumore, mozak i apetit\">\n            <time datetime=\"April 10, 2025\">April 10, 2025<\/time>\n            <div class=\"eael-timeline-post-image attachment-medium size-medium\" style=\"background-image: url(https:\/\/cupping-centres.com\/wp-content\/uploads\/2025\/04\/pexels-juliomelanda-1448721.jpg);\"><\/div><div class=\"eael-timeline-post-excerpt\"><p>\u0160e\u0107er \u2013 tihi neprijatelj zdravlja: Utjecaj na tumore, mozak i...<\/p><\/div><div class=\"eael-timeline-post-title\">\n                    <h2 class=\"eael-timeline-post-title-text\">\u0160e\u0107er \u2013 tihi neprijatelj zdravlja: Utjecaj na tumore, mozak i apetit<\/h2>\n                <\/div><\/a>\n    <\/div>\n<\/article><article class=\"eael-timeline-post eael-timeline-column\">\n    <div class=\"eael-timeline-bullet\"><\/div>\n    <div class=\"eael-timeline-post-inner\">\n        <a class=\"eael-timeline-post-link\" href=\"https:\/\/cupping-centres.com\/en\/2025\/04\/10\/minerali\/\" title=\"Minerali\">\n            <time datetime=\"April 10, 2025\">April 10, 2025<\/time>\n            <div class=\"eael-timeline-post-image attachment-medium size-medium\" style=\"background-image: url(https:\/\/cupping-centres.com\/wp-content\/uploads\/2025\/04\/pexels-vanessa-loring-5966152.jpg);\"><\/div><div class=\"eael-timeline-post-excerpt\"><p>Minerali Minerali su bitni za funkcije tijela poput proizvodnje energije,...<\/p><\/div><div class=\"eael-timeline-post-title\">\n                    <h2 class=\"eael-timeline-post-title-text\">Minerali<\/h2>\n                <\/div><\/a>\n    <\/div>\n<\/article><article class=\"eael-timeline-post eael-timeline-column\">\n    <div class=\"eael-timeline-bullet\"><\/div>\n    <div class=\"eael-timeline-post-inner\">\n        <a class=\"eael-timeline-post-link\" href=\"https:\/\/cupping-centres.com\/en\/2025\/04\/10\/izbacivanje-secera-iz-prehrane-fizicke-i-psihicke-promjene\/\" title=\"Izbacivanje \u0161e\u0107era iz prehrane &#8211; Fizi\u010dke i psihi\u010dke promjene\">\n            <time datetime=\"April 10, 2025\">April 10, 2025<\/time>\n            <div class=\"eael-timeline-post-image attachment-medium size-medium\" style=\"background-image: url(https:\/\/cupping-centres.com\/wp-content\/uploads\/2025\/04\/pexels-mikhail-nilov-8670449.jpg);\"><\/div><div class=\"eael-timeline-post-excerpt\"><p>Izbacivanje \u0161e\u0107era iz prehrane &#8211; Fizi\u010dke i psihi\u010dke promjene Izbacivanje...<\/p><\/div><div class=\"eael-timeline-post-title\">\n                    <h2 class=\"eael-timeline-post-title-text\">Izbacivanje \u0161e\u0107era iz prehrane &#8211; Fizi\u010dke i psihi\u010dke promjene<\/h2>\n                <\/div><\/a>\n    <\/div>\n<\/article><article class=\"eael-timeline-post eael-timeline-column\">\n    <div class=\"eael-timeline-bullet\"><\/div>\n    <div class=\"eael-timeline-post-inner\">\n        <a class=\"eael-timeline-post-link\" href=\"https:\/\/cupping-centres.com\/en\/2025\/04\/09\/evo-sto-sve-trebate-znati-o-utjecajima-povisene-glukoze\/\" title=\"Evo \u0161to sve trebate znati o utjecajima povi\u0161ene glukoze!\">\n            <time datetime=\"April 9, 2025\">April 9, 2025<\/time>\n            <div class=\"eael-timeline-post-image attachment-medium size-medium\" style=\"background-image: url(https:\/\/cupping-centres.com\/wp-content\/uploads\/2025\/04\/pexels-mikhail-nilov-8669986.jpg);\"><\/div><div class=\"eael-timeline-post-excerpt\"><p>Evo \u0161to sve trebate znati o utjecaju povi\u0161ene glukoze! \u00a0...<\/p><\/div><div class=\"eael-timeline-post-title\">\n                    <h2 class=\"eael-timeline-post-title-text\">Evo \u0161to sve trebate znati o utjecajima povi\u0161ene glukoze!<\/h2>\n                <\/div><\/a>\n    <\/div>\n<\/article><article class=\"eael-timeline-post eael-timeline-column\">\n    <div class=\"eael-timeline-bullet\"><\/div>\n    <div class=\"eael-timeline-post-inner\">\n        <a class=\"eael-timeline-post-link\" href=\"https:\/\/cupping-centres.com\/en\/2025\/04\/09\/secer-i-njegovo-djelovanje-u-tijelu-evo-sto-pacijenti-trebaju-znati\/\" title=\"\u0160e\u0107er i njegovo djelovanje u tijelu &#8211; Evo \u0161to pacijenti trebaju znati\">\n            <time datetime=\"April 9, 2025\">April 9, 2025<\/time>\n            <div class=\"eael-timeline-post-image attachment-medium size-medium\" style=\"background-image: url(https:\/\/cupping-centres.com\/wp-content\/uploads\/2025\/04\/pexels-jason-deines-2993297-19243767.jpg);\"><\/div><div class=\"eael-timeline-post-excerpt\"><p>\u0160e\u0107er i njegovo djelovanje u tijelu &#8211; Evo \u0161to pacijenti...<\/p><\/div><div class=\"eael-timeline-post-title\">\n                    <h2 class=\"eael-timeline-post-title-text\">\u0160e\u0107er i njegovo djelovanje u tijelu &#8211; Evo \u0161to pacijenti trebaju znati<\/h2>\n                <\/div><\/a>\n    <\/div>\n<\/article><article class=\"eael-timeline-post eael-timeline-column\">\n    <div class=\"eael-timeline-bullet\"><\/div>\n    <div class=\"eael-timeline-post-inner\">\n        <a class=\"eael-timeline-post-link\" href=\"https:\/\/cupping-centres.com\/en\/2025\/03\/24\/sto-znace-crveni-krugovi-nakon-cupping-tretmana\/\" title=\"What do the red circles mean after a cupping treatment?\">\n            <time datetime=\"March 24, 2025\">March 24, 2025<\/time>\n            <div class=\"eael-timeline-post-image attachment-medium size-medium\" style=\"background-image: url(https:\/\/cupping-centres.com\/wp-content\/uploads\/2025\/03\/krugic-1.jpg);\"><\/div><div class=\"eael-timeline-post-excerpt\"><p>\u0160to zna\u010de crveni krugovi nakon cupping tretmana? Cupping tretman, drevna...<\/p><\/div><div class=\"eael-timeline-post-title\">\n                    <h2 class=\"eael-timeline-post-title-text\">What do the red circles mean after a cupping treatment?<\/h2>\n                <\/div><\/a>\n    <\/div>\n<\/article><\/div>\n\t\t<\/div>            <div class=\"eael-load-more-button-wrap eael-force-hide\">\n                <button class=\"eael-load-more-button\" id=\"eael-load-more-btn-4125179\" data-widget-id=\"4125179\" data-widget=\"4125179\" data-page-id=\"7376\" data-template=\"{&quot;dir&quot;:&quot;lite&quot;,&quot;file_name&quot;:&quot;default.php&quot;,&quot;name&quot;:&quot;Post-Timeline&quot;}\" data-class=\"Essential_Addons_Elementor\\Elements\\Post_Timeline\" data-layout=\"\" data-page=\"1\" data-args=\"orderby=date&amp;order=desc&amp;ignore_sticky_posts=1&amp;post_status=publish&amp;posts_per_page=15&amp;offset=0&amp;post_type=post\" data-max-page=\"2\">\n                    <span class=\"eael-btn-loader button__loader\"><\/span>\n                    <span class=\"eael_load_more_text\"><\/span>\n                <\/button>\n            <\/div>\n            \t\t<\/div>\n\t\t\t\t<\/div>\n\t\t\t\t\t<\/div>\n\t\t<\/div>\n\t\t\t\t\t<\/div>\n\t\t<\/section>\n\t\t\t\t<\/div>","protected":false},"excerpt":{"rendered":"<p>August 29, 2025 Povratak drevnim metodama u modernoj njezi U svijetu njege ko\u017ee&#8230; Cupping lica \u2013 drevna tehnika za prirodno pomla\u0111ivanje ko\u017ee July 28, 2025 Zdravlje nije luksuz, ve\u0107 Va\u0161 svakodnevni \u017eivot U vremenu u&#8230; Zdravlje nije luksuz, ve\u0107 Va\u0161 svakodnevni \u017eivot June 25, 2025 Utjecaj cupping terapije na sporta\u0161e: za\u0161to ju biraju i vrhunski&#8230; &hellip;<\/p>\n<p class=\"read-more\"> <a class=\"\" href=\"https:\/\/cupping-centres.com\/en\/2025\/03\/24\/sto-znace-crveni-krugovi-nakon-cupping-tretmana\/\"> <span class=\"screen-reader-text\">What do the red circles mean after a cupping treatment?<\/span> Read More &raquo;<\/a><\/p>","protected":false},"author":1,"featured_media":0,"parent":0,"menu_order":0,"comment_status":"closed","ping_status":"closed","template":"","meta":{"_seopress_robots_primary_cat":"","_seopress_titles_title":"","_seopress_titles_desc":"","_seopress_robots_index":"","footnotes":""},"_links":{"self":[{"href":"https:\/\/cupping-centres.com\/en\/wp-json\/wp\/v2\/pages\/7376"}],"collection":[{"href":"https:\/\/cupping-centres.com\/en\/wp-json\/wp\/v2\/pages"}],"about":[{"href":"https:\/\/cupping-centres.com\/en\/wp-json\/wp\/v2\/types\/page"}],"author":[{"embeddable":true,"href":"https:\/\/cupping-centres.com\/en\/wp-json\/wp\/v2\/users\/1"}],"replies":[{"embeddable":true,"href":"https:\/\/cupping-centres.com\/en\/wp-json\/wp\/v2\/comments?post=7376"}],"version-history":[{"count":67,"href":"https:\/\/cupping-centres.com\/en\/wp-json\/wp\/v2\/pages\/7376\/revisions"}],"predecessor-version":[{"id":8556,"href":"https:\/\/cupping-centres.com\/en\/wp-json\/wp\/v2\/pages\/7376\/revisions\/8556"}],"wp:attachment":[{"href":"https:\/\/cupping-centres.com\/en\/wp-json\/wp\/v2\/media?parent=7376"}],"curies":[{"name":"wp","href":"https:\/\/api.w.org\/{rel}","templated":true}]}}