{"id":4990,"date":"2025-03-11T14:43:57","date_gmt":"2025-03-11T14:43:57","guid":{"rendered":"https:\/\/cupping-centres.com\/?page_id=4990"},"modified":"2025-03-31T13:50:38","modified_gmt":"2025-03-31T13:50:38","slug":"faq","status":"publish","type":"page","link":"https:\/\/cupping-centres.com\/en\/faq\/","title":{"rendered":"FAQ"},"content":{"rendered":"<div data-elementor-type=\"wp-page\" data-elementor-id=\"4990\" class=\"elementor elementor-4990\">\n\t\t\t\t\t\t<section class=\"elementor-section elementor-top-section elementor-element elementor-element-1764625d elementor-section-content-middle elementor-section-full_width elementor-section-stretched elementor-section-height-default elementor-section-height-default\" data-id=\"1764625d\" data-element_type=\"section\" data-settings=\"{&quot;stretch_section&quot;:&quot;section-stretched&quot;}\">\n\t\t\t\t\t\t<div class=\"elementor-container elementor-column-gap-no\">\n\t\t\t\t\t<div class=\"elementor-column elementor-col-100 elementor-top-column elementor-element elementor-element-7d318d00\" data-id=\"7d318d00\" data-element_type=\"column\">\n\t\t\t<div class=\"elementor-widget-wrap elementor-element-populated\">\n\t\t\t\t\t\t<div class=\"elementor-element elementor-element-5c5b7272 elementor-widget elementor-widget-heading\" data-id=\"5c5b7272\" data-element_type=\"widget\" data-widget_type=\"heading.default\">\n\t\t\t\t<div class=\"elementor-widget-container\">\n\t\t\t<h4 class=\"elementor-heading-title elementor-size-default\">FAQ<\/h4>\t\t<\/div>\n\t\t\t\t<\/div>\n\t\t\t\t<div class=\"elementor-element elementor-element-668578ac elementor-widget elementor-widget-heading\" data-id=\"668578ac\" data-element_type=\"widget\" data-widget_type=\"heading.default\">\n\t\t\t\t<div class=\"elementor-widget-container\">\n\t\t\t<h5 class=\"elementor-heading-title elementor-size-default\">Frequently Asked Questions<\/h5>\t\t<\/div>\n\t\t\t\t<\/div>\n\t\t\t\t<div class=\"elementor-element elementor-element-e9a7163 elementor-widget elementor-widget-toggle\" data-id=\"e9a7163\" data-element_type=\"widget\" data-widget_type=\"toggle.default\">\n\t\t\t\t<div class=\"elementor-widget-container\">\n\t\t\t\t\t<div class=\"elementor-toggle\">\n\t\t\t\t\t\t\t<div class=\"elementor-toggle-item\">\n\t\t\t\t\t<div id=\"elementor-tab-title-2451\" class=\"elementor-tab-title\" data-tab=\"1\" role=\"button\" aria-controls=\"elementor-tab-content-2451\" aria-expanded=\"false\">\n\t\t\t\t\t\t\t\t\t\t\t\t<span class=\"elementor-toggle-icon elementor-toggle-icon-right\" aria-hidden=\"true\">\n\t\t\t\t\t\t\t\t\t\t\t\t\t\t\t<span class=\"elementor-toggle-icon-closed\"><i class=\"fas fa-caret-right\"><\/i><\/span>\n\t\t\t\t\t\t\t\t<span class=\"elementor-toggle-icon-opened\"><i class=\"elementor-toggle-icon-opened fas fa-caret-up\"><\/i><\/span>\n\t\t\t\t\t\t\t\t\t\t\t\t\t<\/span>\n\t\t\t\t\t\t\t\t\t\t\t\t<a class=\"elementor-toggle-title\" tabindex=\"0\">Does cupping therapy hurt?<\/a>\n\t\t\t\t\t<\/div>\n\n\t\t\t\t\t<div id=\"elementor-tab-content-2451\" class=\"elementor-tab-content elementor-clearfix\" data-tab=\"1\" role=\"region\" aria-labelledby=\"elementor-tab-title-2451\"><p>Cupping terapija se kod nas izvodi na potpuno <strong>bezbolan na\u010din<\/strong>, mo\u017eete biti potpuno opu\u0161teni, a i sigurni jer se terapija izvodi pod stru\u010dnim vodstvom dr. Mehrana Shafiea, jedinog lije\u010dnika u Hrvatskoj koji se bavi Cupping terapijom.<\/p><p>Pacijenti Cupping terapiju smatraju vrlo <strong>opu\u0161taju\u0107om, bezbolnom\u00a0 i u\u010dinkovitom<\/strong>.<\/p><p>To je neinvazivna i sigurna terapija koja pru\u017ea brojne zdravstvene prednosti i poma\u017ee rije\u0161iti razne zdravstvene tegobe bez lijekova!<\/p><\/div>\n\t\t\t\t<\/div>\n\t\t\t\t\t\t\t<div class=\"elementor-toggle-item\">\n\t\t\t\t\t<div id=\"elementor-tab-title-2452\" class=\"elementor-tab-title\" data-tab=\"2\" role=\"button\" aria-controls=\"elementor-tab-content-2452\" aria-expanded=\"false\">\n\t\t\t\t\t\t\t\t\t\t\t\t<span class=\"elementor-toggle-icon elementor-toggle-icon-right\" aria-hidden=\"true\">\n\t\t\t\t\t\t\t\t\t\t\t\t\t\t\t<span class=\"elementor-toggle-icon-closed\"><i class=\"fas fa-caret-right\"><\/i><\/span>\n\t\t\t\t\t\t\t\t<span class=\"elementor-toggle-icon-opened\"><i class=\"elementor-toggle-icon-opened fas fa-caret-up\"><\/i><\/span>\n\t\t\t\t\t\t\t\t\t\t\t\t\t<\/span>\n\t\t\t\t\t\t\t\t\t\t\t\t<a class=\"elementor-toggle-title\" tabindex=\"0\">\u0161to se posti\u017ee cuppingom?<\/a>\n\t\t\t\t\t<\/div>\n\n\t\t\t\t\t<div id=\"elementor-tab-content-2452\" class=\"elementor-tab-content elementor-clearfix\" data-tab=\"2\" role=\"region\" aria-labelledby=\"elementor-tab-title-2452\"><p>By manipulating the skin, cupping elicits a reactive response from the brain, such as the\nsecretion of endorphins (which act to relieve pain), enkephaline (which affects mood) and\nother neurotransmitters.<\/p><\/div>\n\t\t\t\t<\/div>\n\t\t\t\t\t\t\t<div class=\"elementor-toggle-item\">\n\t\t\t\t\t<div id=\"elementor-tab-title-2453\" class=\"elementor-tab-title\" data-tab=\"3\" role=\"button\" aria-controls=\"elementor-tab-content-2453\" aria-expanded=\"false\">\n\t\t\t\t\t\t\t\t\t\t\t\t<span class=\"elementor-toggle-icon elementor-toggle-icon-right\" aria-hidden=\"true\">\n\t\t\t\t\t\t\t\t\t\t\t\t\t\t\t<span class=\"elementor-toggle-icon-closed\"><i class=\"fas fa-caret-right\"><\/i><\/span>\n\t\t\t\t\t\t\t\t<span class=\"elementor-toggle-icon-opened\"><i class=\"elementor-toggle-icon-opened fas fa-caret-up\"><\/i><\/span>\n\t\t\t\t\t\t\t\t\t\t\t\t\t<\/span>\n\t\t\t\t\t\t\t\t\t\t\t\t<a class=\"elementor-toggle-title\" tabindex=\"0\">\u0160ta je suhi cupping (hid\u017eama)?<\/a>\n\t\t\t\t\t<\/div>\n\n\t\t\t\t\t<div id=\"elementor-tab-content-2453\" class=\"elementor-tab-content elementor-clearfix\" data-tab=\"3\" role=\"region\" aria-labelledby=\"elementor-tab-title-2453\"><p>Suhi cupping moderni je pristup pri kojem se promjenom vakuuma na \u010da\u0161u postavljenu na to\u010dno odre\u0111enu to\u010dku ko\u017ee posti\u017ee odvajanje ko\u017ee od potko\u017eja te se poja\u010dava prokrvljenost ko\u017ee i svih potko\u017enih struktura ispod \u010da\u0161e.<\/p><p>Nakon to\u010dno odre\u0111enog stupnja usisnog tlaka i trajanja aplikacije, sukladno individualnom odgovoru pacijenta, vakuum se otpu\u0161ta.<\/p><\/div>\n\t\t\t\t<\/div>\n\t\t\t\t\t\t\t<div class=\"elementor-toggle-item\">\n\t\t\t\t\t<div id=\"elementor-tab-title-2454\" class=\"elementor-tab-title\" data-tab=\"4\" role=\"button\" aria-controls=\"elementor-tab-content-2454\" aria-expanded=\"false\">\n\t\t\t\t\t\t\t\t\t\t\t\t<span class=\"elementor-toggle-icon elementor-toggle-icon-right\" aria-hidden=\"true\">\n\t\t\t\t\t\t\t\t\t\t\t\t\t\t\t<span class=\"elementor-toggle-icon-closed\"><i class=\"fas fa-caret-right\"><\/i><\/span>\n\t\t\t\t\t\t\t\t<span class=\"elementor-toggle-icon-opened\"><i class=\"elementor-toggle-icon-opened fas fa-caret-up\"><\/i><\/span>\n\t\t\t\t\t\t\t\t\t\t\t\t\t<\/span>\n\t\t\t\t\t\t\t\t\t\t\t\t<a class=\"elementor-toggle-title\" tabindex=\"0\">\u0161ta je vla\u017eni cupping (hid\u017eama)?<\/a>\n\t\t\t\t\t<\/div>\n\n\t\t\t\t\t<div id=\"elementor-tab-content-2454\" class=\"elementor-tab-content elementor-clearfix\" data-tab=\"4\" role=\"region\" aria-labelledby=\"elementor-tab-title-2454\"><p>Po postizanju vakuumske hiperemije na ko\u017ei, kao kod suhog cuppinga, \u010da\u0161e se privremeno uklone i izaziva se malo krvarenje na povr\u0161ini ko\u017ee pa iznova postavi usisni tlak.\u00a0<\/p><p>Ne primjenjujemo zarezivanje ko\u017ee, nego se kaplji\u010dno krvarenje posti\u017ee s nekoliko sitnih uboda vrlo tankom iglom, sli\u010dnom akupukturnoj. Time se dobiva svega nekoliko kapi krvi, koja se oslobodi i iza\u0111e na povr\u0161inu ko\u017ee.\u00a0<\/p><p>Nakon tih uboda ne ostaju nikakvi o\u017eiljci.<\/p><\/div>\n\t\t\t\t<\/div>\n\t\t\t\t\t\t\t<div class=\"elementor-toggle-item\">\n\t\t\t\t\t<div id=\"elementor-tab-title-2455\" class=\"elementor-tab-title\" data-tab=\"5\" role=\"button\" aria-controls=\"elementor-tab-content-2455\" aria-expanded=\"false\">\n\t\t\t\t\t\t\t\t\t\t\t\t<span class=\"elementor-toggle-icon elementor-toggle-icon-right\" aria-hidden=\"true\">\n\t\t\t\t\t\t\t\t\t\t\t\t\t\t\t<span class=\"elementor-toggle-icon-closed\"><i class=\"fas fa-caret-right\"><\/i><\/span>\n\t\t\t\t\t\t\t\t<span class=\"elementor-toggle-icon-opened\"><i class=\"elementor-toggle-icon-opened fas fa-caret-up\"><\/i><\/span>\n\t\t\t\t\t\t\t\t\t\t\t\t\t<\/span>\n\t\t\t\t\t\t\t\t\t\t\t\t<a class=\"elementor-toggle-title\" tabindex=\"0\">\u0160ta je klize\u0107i cupping (hid\u017eama)?<\/a>\n\t\t\t\t\t<\/div>\n\n\t\t\t\t\t<div id=\"elementor-tab-content-2455\" class=\"elementor-tab-content elementor-clearfix\" data-tab=\"5\" role=\"region\" aria-labelledby=\"elementor-tab-title-2455\"><p>Uvjetno re\u010deno, predstavlja podvrstu masa\u017ee. Posebnom vrstom \u010da\u0161ice (silikonske) uz podtlak tretiraju se pomicanjem \u010da\u0161ice ve\u0107e povr\u0161ine ko\u017ee, ispod kojih \u017eelimo izazvati intenziviranje krvnog protoka, kao i neke druge metaboli\u010dke efekte.\u00a0<\/p><p>ko\u017ea se nama\u017ee uljem za masa\u017eu. Na taj se na\u010din poja\u010dava mikrocirkulacija u ko\u017ei i potko\u017eju, te se pobolj\u0161ava periferni krvotok.<\/p><\/div>\n\t\t\t\t<\/div>\n\t\t\t\t\t\t\t<div class=\"elementor-toggle-item\">\n\t\t\t\t\t<div id=\"elementor-tab-title-2456\" class=\"elementor-tab-title\" data-tab=\"6\" role=\"button\" aria-controls=\"elementor-tab-content-2456\" aria-expanded=\"false\">\n\t\t\t\t\t\t\t\t\t\t\t\t<span class=\"elementor-toggle-icon elementor-toggle-icon-right\" aria-hidden=\"true\">\n\t\t\t\t\t\t\t\t\t\t\t\t\t\t\t<span class=\"elementor-toggle-icon-closed\"><i class=\"fas fa-caret-right\"><\/i><\/span>\n\t\t\t\t\t\t\t\t<span class=\"elementor-toggle-icon-opened\"><i class=\"elementor-toggle-icon-opened fas fa-caret-up\"><\/i><\/span>\n\t\t\t\t\t\t\t\t\t\t\t\t\t<\/span>\n\t\t\t\t\t\t\t\t\t\t\t\t<a class=\"elementor-toggle-title\" tabindex=\"0\">koje vrste cuppinga nudite?<\/a>\n\t\t\t\t\t<\/div>\n\n\t\t\t\t\t<div id=\"elementor-tab-content-2456\" class=\"elementor-tab-content elementor-clearfix\" data-tab=\"6\" role=\"region\" aria-labelledby=\"elementor-tab-title-2456\"><p>U na\u0161oj ponudimo nudimo suhi cupping, vla\u017eni cupping, klize\u0107i cupping, cupping lica i cupping za trudnice.<\/p><\/div>\n\t\t\t\t<\/div>\n\t\t\t\t\t\t\t<div class=\"elementor-toggle-item\">\n\t\t\t\t\t<div id=\"elementor-tab-title-2457\" class=\"elementor-tab-title\" data-tab=\"7\" role=\"button\" aria-controls=\"elementor-tab-content-2457\" aria-expanded=\"false\">\n\t\t\t\t\t\t\t\t\t\t\t\t<span class=\"elementor-toggle-icon elementor-toggle-icon-right\" aria-hidden=\"true\">\n\t\t\t\t\t\t\t\t\t\t\t\t\t\t\t<span class=\"elementor-toggle-icon-closed\"><i class=\"fas fa-caret-right\"><\/i><\/span>\n\t\t\t\t\t\t\t\t<span class=\"elementor-toggle-icon-opened\"><i class=\"elementor-toggle-icon-opened fas fa-caret-up\"><\/i><\/span>\n\t\t\t\t\t\t\t\t\t\t\t\t\t<\/span>\n\t\t\t\t\t\t\t\t\t\t\t\t<a class=\"elementor-toggle-title\" tabindex=\"0\">Moglu li trudnice i\u0107i na cupping terapiju?<\/a>\n\t\t\t\t\t<\/div>\n\n\t\t\t\t\t<div id=\"elementor-tab-content-2457\" class=\"elementor-tab-content elementor-clearfix\" data-tab=\"7\" role=\"region\" aria-labelledby=\"elementor-tab-title-2457\"><p><strong>Naravno<\/strong>! Tijekom trudno\u0107e svaka trudnica prolazi kroz mnogo emocionalnih, hormonalnih i fizi\u010dkih promjena.<\/p><p>Bolovi u le\u0111ima, osje\u0107aj te\u0161kih nogu i njihovo oticanje uko\u010denost, nesanica &#8211; sve su to uobi\u010dajeni problemi u trudno\u0107i, a Cupping masa\u017ea mo\u017ee olak\u0161ati taj nimalo lak period.<\/p><p>Tijekom Cupping masa\u017ee najva\u017enije je da polo\u017eaj bude ugodan budu\u0107oj majci i njezinoj bebi. Masa\u017ea se izvodi u ugodnom polo\u017eaju na boku ili u polusjede\u0107em polo\u017eaju.\u00a0<\/p><p><strong>Cupping masa\u017ea pokazala se kao odli\u010dna pomo\u0107 tijekom trudno\u0107e, nakon poroda te za vrijeme dojenja.<\/strong><\/p><\/div>\n\t\t\t\t<\/div>\n\t\t\t\t\t\t\t<div class=\"elementor-toggle-item\">\n\t\t\t\t\t<div id=\"elementor-tab-title-2458\" class=\"elementor-tab-title\" data-tab=\"8\" role=\"button\" aria-controls=\"elementor-tab-content-2458\" aria-expanded=\"false\">\n\t\t\t\t\t\t\t\t\t\t\t\t<span class=\"elementor-toggle-icon elementor-toggle-icon-right\" aria-hidden=\"true\">\n\t\t\t\t\t\t\t\t\t\t\t\t\t\t\t<span class=\"elementor-toggle-icon-closed\"><i class=\"fas fa-caret-right\"><\/i><\/span>\n\t\t\t\t\t\t\t\t<span class=\"elementor-toggle-icon-opened\"><i class=\"elementor-toggle-icon-opened fas fa-caret-up\"><\/i><\/span>\n\t\t\t\t\t\t\t\t\t\t\t\t\t<\/span>\n\t\t\t\t\t\t\t\t\t\t\t\t<a class=\"elementor-toggle-title\" tabindex=\"0\">\u0160to se posti\u017ee cuppingom za trudnice?<\/a>\n\t\t\t\t\t<\/div>\n\n\t\t\t\t\t<div id=\"elementor-tab-content-2458\" class=\"elementor-tab-content elementor-clearfix\" data-tab=\"8\" role=\"region\" aria-labelledby=\"elementor-tab-title-2458\"><ul><li>Smanjenje pritiska na dijelove tijela koji su najoptere\u0107eniji, kao \u0161to su \u010dlanci, donji dio le\u0111a i karlica<\/li><li>Smanjenje osje\u0107aja boli u vratu i le\u0111ima koju uzrokuje neravnote\u017ea mi\u0161i\u0107a i slabosti<\/li><li>Pomo\u0107 pri zadr\u017eavanju pravilnog dr\u017eanja tijela<\/li><li>Priprema mi\u0161i\u0107a potrebnih pri poro\u0111aju<\/li><li>Smanjenje oticanja ruku i nogu<\/li><li>Smanjenje boli kod i\u0161ijasa<\/li><li>Sprje\u010davanje gr\u010deva u listovima<\/li><li>Pomo\u0107 kod glavobolje i bolova u sinusima<\/li><li>Olak\u0161anje kod gr\u010denja mi\u0161i\u0107a, bolova u\u00a0 le\u0111ima, vratu, kukovima i nogama<\/li><li>Pobolj\u0161anje cirkulacije krvi i limfe koja smanjuje oticanje<\/li><li>Pove\u0107anje gipkosti ko\u017ee<\/li><li>Podr\u0161ka fizi\u010dkoj i emocionalnoj energiji maj\u010dinstva<\/li><\/ul><\/div>\n\t\t\t\t<\/div>\n\t\t\t\t\t\t\t<div class=\"elementor-toggle-item\">\n\t\t\t\t\t<div id=\"elementor-tab-title-2459\" class=\"elementor-tab-title\" data-tab=\"9\" role=\"button\" aria-controls=\"elementor-tab-content-2459\" aria-expanded=\"false\">\n\t\t\t\t\t\t\t\t\t\t\t\t<span class=\"elementor-toggle-icon elementor-toggle-icon-right\" aria-hidden=\"true\">\n\t\t\t\t\t\t\t\t\t\t\t\t\t\t\t<span class=\"elementor-toggle-icon-closed\"><i class=\"fas fa-caret-right\"><\/i><\/span>\n\t\t\t\t\t\t\t\t<span class=\"elementor-toggle-icon-opened\"><i class=\"elementor-toggle-icon-opened fas fa-caret-up\"><\/i><\/span>\n\t\t\t\t\t\t\t\t\t\t\t\t\t<\/span>\n\t\t\t\t\t\t\t\t\t\t\t\t<a class=\"elementor-toggle-title\" tabindex=\"0\">utje\u010de li cupping na raspolo\u017eenje?<\/a>\n\t\t\t\t\t<\/div>\n\n\t\t\t\t\t<div id=\"elementor-tab-content-2459\" class=\"elementor-tab-content elementor-clearfix\" data-tab=\"9\" role=\"region\" aria-labelledby=\"elementor-tab-title-2459\"><p><strong>Naravno<\/strong>! Zbog razli\u010ditih supstancija koje tijelo lu\u010di pripremaju\u0107i se za sna\u017eni \u0161ok izazvan ozljedom, <strong>cupping djeluje izrazito anksioliti\u010dki te smanjuje napetost, stres i tjeskobu<\/strong>.\u00a0<\/p><\/div>\n\t\t\t\t<\/div>\n\t\t\t\t\t\t\t<div class=\"elementor-toggle-item\">\n\t\t\t\t\t<div id=\"elementor-tab-title-24510\" class=\"elementor-tab-title\" data-tab=\"10\" role=\"button\" aria-controls=\"elementor-tab-content-24510\" aria-expanded=\"false\">\n\t\t\t\t\t\t\t\t\t\t\t\t<span class=\"elementor-toggle-icon elementor-toggle-icon-right\" aria-hidden=\"true\">\n\t\t\t\t\t\t\t\t\t\t\t\t\t\t\t<span class=\"elementor-toggle-icon-closed\"><i class=\"fas fa-caret-right\"><\/i><\/span>\n\t\t\t\t\t\t\t\t<span class=\"elementor-toggle-icon-opened\"><i class=\"elementor-toggle-icon-opened fas fa-caret-up\"><\/i><\/span>\n\t\t\t\t\t\t\t\t\t\t\t\t\t<\/span>\n\t\t\t\t\t\t\t\t\t\t\t\t<a class=\"elementor-toggle-title\" tabindex=\"0\">za koga se cupping ne preporu\u010duje?<\/a>\n\t\t\t\t\t<\/div>\n\n\t\t\t\t\t<div id=\"elementor-tab-content-24510\" class=\"elementor-tab-content elementor-clearfix\" data-tab=\"10\" role=\"region\" aria-labelledby=\"elementor-tab-title-24510\"><p>Dr. Mehran Shafie isti\u010de da postoje neke skupine ljudi kojima ova metoda\u00a0<strong>nije preporu\u010dljiv<\/strong>a, a to je uglavnom\u00a0<strong>djeci mla\u0111oj od sedam godina<\/strong>, osobito kod ljudi koji imaju\u00a0<strong>ko\u017ena oboljenja i promjena na ko\u017ei.<\/strong><\/p><p>Vla\u017eni cupping ne smije se koristiti kod ljudi koji boluju od karcinoma.<\/p><\/div>\n\t\t\t\t<\/div>\n\t\t\t\t\t\t\t<div class=\"elementor-toggle-item\">\n\t\t\t\t\t<div id=\"elementor-tab-title-24511\" class=\"elementor-tab-title\" data-tab=\"11\" role=\"button\" aria-controls=\"elementor-tab-content-24511\" aria-expanded=\"false\">\n\t\t\t\t\t\t\t\t\t\t\t\t<span class=\"elementor-toggle-icon elementor-toggle-icon-right\" aria-hidden=\"true\">\n\t\t\t\t\t\t\t\t\t\t\t\t\t\t\t<span class=\"elementor-toggle-icon-closed\"><i class=\"fas fa-caret-right\"><\/i><\/span>\n\t\t\t\t\t\t\t\t<span class=\"elementor-toggle-icon-opened\"><i class=\"elementor-toggle-icon-opened fas fa-caret-up\"><\/i><\/span>\n\t\t\t\t\t\t\t\t\t\t\t\t\t<\/span>\n\t\t\t\t\t\t\t\t\t\t\t\t<a class=\"elementor-toggle-title\" tabindex=\"0\">KOJA JE POVIJEST CUPPINGA?<\/a>\n\t\t\t\t\t<\/div>\n\n\t\t\t\t\t<div id=\"elementor-tab-content-24511\" class=\"elementor-tab-content elementor-clearfix\" data-tab=\"11\" role=\"region\" aria-labelledby=\"elementor-tab-title-24511\"><p>Cupping is an ancient healing technique whose famous history dates back to 3300 BC.\nInitially developed in Macedonia, it reached the East via the Silk Road, where it has\nestablished itself in the treatment of many diseases and painful conditions. It was mentioned\nin historical documents in China and Iran around 2600 BC, and in India around 1600 BC. In\nChina it started to be combined with acupuncture, and in Iran with traditional Persian\nmedicine. In contact with Islam, it gained an additional dimension, as a method of effective\nprevention of illnesses, maintaining health and good mood when applied to healthy people.\nThe Prophet Muhammad, s.a.v.s.( Peace be upon him), often underwent cupping and\nwholeheartedly recommended it.<\/p><\/div>\n\t\t\t\t<\/div>\n\t\t\t\t\t\t\t\t<\/div>\n\t\t\t\t<\/div>\n\t\t\t\t<\/div>\n\t\t\t\t\t<\/div>\n\t\t<\/div>\n\t\t\t\t\t<\/div>\n\t\t<\/section>\n\t\t\t\t<\/div>","protected":false},"excerpt":{"rendered":"<p>FAQ Naj\u010de\u0161\u0107e postavljena pitanja boli li cupping terapija? Cupping terapija se kod nas izvodi na potpuno bezbolan na\u010din, mo\u017eete biti potpuno opu\u0161teni, a i sigurni jer se terapija izvodi pod stru\u010dnim vodstvom dr. Mehrana Shafiea, jedinog lije\u010dnika u Hrvatskoj koji se bavi Cupping terapijom. Pacijenti Cupping terapiju smatraju vrlo opu\u0161taju\u0107om, bezbolnom\u00a0 i u\u010dinkovitom. To je &hellip;<\/p>\n<p class=\"read-more\"> <a class=\"\" href=\"https:\/\/cupping-centres.com\/en\/faq\/\"> <span class=\"screen-reader-text\">FAQ<\/span> Read More &raquo;<\/a><\/p>","protected":false},"author":1,"featured_media":0,"parent":0,"menu_order":0,"comment_status":"closed","ping_status":"closed","template":"","meta":{"_seopress_robots_primary_cat":"","_seopress_titles_title":"","_seopress_titles_desc":"","_seopress_robots_index":"","footnotes":""},"_links":{"self":[{"href":"https:\/\/cupping-centres.com\/en\/wp-json\/wp\/v2\/pages\/4990"}],"collection":[{"href":"https:\/\/cupping-centres.com\/en\/wp-json\/wp\/v2\/pages"}],"about":[{"href":"https:\/\/cupping-centres.com\/en\/wp-json\/wp\/v2\/types\/page"}],"author":[{"embeddable":true,"href":"https:\/\/cupping-centres.com\/en\/wp-json\/wp\/v2\/users\/1"}],"replies":[{"embeddable":true,"href":"https:\/\/cupping-centres.com\/en\/wp-json\/wp\/v2\/comments?post=4990"}],"version-history":[{"count":76,"href":"https:\/\/cupping-centres.com\/en\/wp-json\/wp\/v2\/pages\/4990\/revisions"}],"predecessor-version":[{"id":7969,"href":"https:\/\/cupping-centres.com\/en\/wp-json\/wp\/v2\/pages\/4990\/revisions\/7969"}],"wp:attachment":[{"href":"https:\/\/cupping-centres.com\/en\/wp-json\/wp\/v2\/media?parent=4990"}],"curies":[{"name":"wp","href":"https:\/\/api.w.org\/{rel}","templated":true}]}}