{"id":4187,"date":"2023-06-15T19:40:46","date_gmt":"2023-06-15T19:40:46","guid":{"rendered":"https:\/\/cupping-centres.com\/?page_id=4187"},"modified":"2025-07-28T18:20:29","modified_gmt":"2025-07-28T18:20:29","slug":"poklon-bon","status":"publish","type":"page","link":"https:\/\/cupping-centres.com\/en\/poklon-bon\/","title":{"rendered":"Poklon bon"},"content":{"rendered":"<div data-elementor-type=\"wp-page\" data-elementor-id=\"4187\" class=\"elementor elementor-4187\">\n\t\t\t\t\t\t<section class=\"elementor-section elementor-top-section elementor-element elementor-element-zat2iev elementor-section-content-middle elementor-section-boxed elementor-section-height-default elementor-section-height-default\" data-id=\"zat2iev\" data-element_type=\"section\" data-settings=\"{&quot;background_background&quot;:&quot;classic&quot;}\">\n\t\t\t\t\t\t<div class=\"elementor-container elementor-column-gap-no\">\n\t\t\t\t\t<div class=\"elementor-column elementor-col-100 elementor-top-column elementor-element elementor-element-258231d\" data-id=\"258231d\" data-element_type=\"column\">\n\t\t\t<div class=\"elementor-widget-wrap elementor-element-populated\">\n\t\t\t\t\t\t<div class=\"elementor-element elementor-element-1401102 elementor-widget elementor-widget-heading\" data-id=\"1401102\" data-element_type=\"widget\" data-widget_type=\"heading.default\">\n\t\t\t\t<div class=\"elementor-widget-container\">\n\t\t\t<h2 class=\"elementor-heading-title elementor-size-default\">Looking for a gift idea?<\/h2>\t\t<\/div>\n\t\t\t\t<\/div>\n\t\t\t\t<div class=\"elementor-element elementor-element-4f6265e elementor-widget elementor-widget-text-editor\" data-id=\"4f6265e\" data-element_type=\"widget\" data-widget_type=\"text-editor.default\">\n\t\t\t\t<div class=\"elementor-widget-container\">\n\t\t\t\t\t\t\t<p>We have a solution for you, how to make your loved one happy with a beautiful and useful gift voucher. This is an ideal opportunity to give your loved one the Cupping (vacuum) treatment they deserve, it is the best selected gift you can give. We guarantee top quality service in our cupping center.<\/p>\t\t\t\t\t\t<\/div>\n\t\t\t\t<\/div>\n\t\t\t\t<div class=\"elementor-element elementor-element-c811f75 elementor-widget elementor-widget-heading\" data-id=\"c811f75\" data-element_type=\"widget\" data-widget_type=\"heading.default\">\n\t\t\t\t<div class=\"elementor-widget-container\">\n\t\t\t<h2 class=\"elementor-heading-title elementor-size-default\">How can you collect your gift voucher?<\/h2>\t\t<\/div>\n\t\t\t\t<\/div>\n\t\t\t\t<div class=\"elementor-element elementor-element-f249823 elementor-widget elementor-widget-text-editor\" data-id=\"f249823\" data-element_type=\"widget\" data-widget_type=\"text-editor.default\">\n\t\t\t\t<div class=\"elementor-widget-container\">\n\t\t\t\t\t\t\t<p>You can pick up a gift voucher in person at our Cupping Center, located at Vrhov\u010dev vijenac 40, 10000 Zagreb, with prior notice at +385 91 392 7777, or get it without visiting the center. Simply fill out the gift voucher order form with your desired amount, and your voucher will be sent to your email as soon as possible.\n\nPayment confirmation can be sent to: info@cupping-centres.com.&nbsp;<span style=\"font-size: 16px;\">All gift vouchers are issued for a period of 6 months from the date of purchase.<\/span><\/p>\t\t\t\t\t\t<\/div>\n\t\t\t\t<\/div>\n\t\t\t\t<div class=\"elementor-element elementor-element-7a2d1e6 elementor-widget-divider--view-line elementor-widget elementor-widget-divider\" data-id=\"7a2d1e6\" data-element_type=\"widget\" data-widget_type=\"divider.default\">\n\t\t\t\t<div class=\"elementor-widget-container\">\n\t\t\t\t\t<div class=\"elementor-divider\">\n\t\t\t<span class=\"elementor-divider-separator\">\n\t\t\t\t\t\t<\/span>\n\t\t<\/div>\n\t\t\t\t<\/div>\n\t\t\t\t<\/div>\n\t\t\t\t<div class=\"elementor-element elementor-element-1231d5f elementor-widget elementor-widget-heading\" data-id=\"1231d5f\" data-element_type=\"widget\" data-widget_type=\"heading.default\">\n\t\t\t\t<div class=\"elementor-widget-container\">\n\t\t\t<h2 class=\"elementor-heading-title elementor-size-default\">Payment Details:<\/h2>\t\t<\/div>\n\t\t\t\t<\/div>\n\t\t\t\t<div class=\"elementor-element elementor-element-9b69434 elementor-widget elementor-widget-text-editor\" data-id=\"9b69434\" data-element_type=\"widget\" data-widget_type=\"text-editor.default\">\n\t\t\t\t<div class=\"elementor-widget-container\">\n\t\t\t\t\t\t\t<p>Cupping Center, Ulica Vrhov\u010dev vijenac 40, 10000, Zagreb<br>IBAN:HR1123600001102864758 (Zagreba\u010dka banka d.d.)<\/p>\t\t\t\t\t\t<\/div>\n\t\t\t\t<\/div>\n\t\t\t\t\t<\/div>\n\t\t<\/div>\n\t\t\t\t\t<\/div>\n\t\t<\/section>\n\t\t\t\t<section class=\"elementor-section elementor-top-section elementor-element elementor-element-f784048 elementor-hidden-desktop elementor-hidden-tablet elementor-section-boxed elementor-section-height-default elementor-section-height-default\" data-id=\"f784048\" data-element_type=\"section\">\n\t\t\t\t\t\t<div class=\"elementor-container elementor-column-gap-default\">\n\t\t\t\t\t<div class=\"elementor-column elementor-col-100 elementor-top-column elementor-element elementor-element-6111bd5\" data-id=\"6111bd5\" data-element_type=\"column\">\n\t\t\t<div class=\"elementor-widget-wrap elementor-element-populated\">\n\t\t\t\t\t\t<div class=\"elementor-element elementor-element-185f5cb elementor-widget elementor-widget-image\" data-id=\"185f5cb\" data-element_type=\"widget\" data-widget_type=\"image.default\">\n\t\t\t\t<div class=\"elementor-widget-container\">\n\t\t\t\t\t\t\t\t\t\t\t\t\t<img fetchpriority=\"high\" decoding=\"async\" width=\"747\" height=\"493\" src=\"https:\/\/cupping-centres.com\/wp-content\/uploads\/2025\/03\/cupping-center-vaucer.png\" class=\"attachment-large size-large wp-image-5289\" alt=\"Cupping Center poklon bon\" \/>\t\t\t\t\t\t\t\t\t\t\t\t\t<\/div>\n\t\t\t\t<\/div>\n\t\t\t\t\t<\/div>\n\t\t<\/div>\n\t\t\t\t\t<\/div>\n\t\t<\/section>\n\t\t\t\t<section class=\"elementor-section elementor-top-section elementor-element elementor-element-fdfa931 elementor-section-boxed elementor-section-height-default elementor-section-height-default\" data-id=\"fdfa931\" data-element_type=\"section\">\n\t\t\t\t\t\t<div class=\"elementor-container elementor-column-gap-default\">\n\t\t\t\t\t<div class=\"elementor-column elementor-col-100 elementor-top-column elementor-element elementor-element-4830dd3\" data-id=\"4830dd3\" data-element_type=\"column\">\n\t\t\t<div class=\"elementor-widget-wrap elementor-element-populated\">\n\t\t\t\t\t\t<div class=\"elementor-element elementor-element-019d994 elementor-widget elementor-widget-heading\" data-id=\"019d994\" data-element_type=\"widget\" data-widget_type=\"heading.default\">\n\t\t\t\t<div class=\"elementor-widget-container\">\n\t\t\t<h2 class=\"elementor-heading-title elementor-size-default\">Order Your Gift Voucher Now!<\/h2>\t\t<\/div>\n\t\t\t\t<\/div>\n\t\t\t\t\t<\/div>\n\t\t<\/div>\n\t\t\t\t\t<\/div>\n\t\t<\/section>\n\t\t\t\t<section class=\"elementor-section elementor-top-section elementor-element elementor-element-2a36a11e elementor-section-boxed elementor-section-height-default elementor-section-height-default\" data-id=\"2a36a11e\" data-element_type=\"section\" data-settings=\"{&quot;background_background&quot;:&quot;slideshow&quot;,&quot;background_slideshow_gallery&quot;:[],&quot;background_slideshow_loop&quot;:&quot;yes&quot;,&quot;background_slideshow_slide_duration&quot;:5000,&quot;background_slideshow_slide_transition&quot;:&quot;fade&quot;,&quot;background_slideshow_transition_duration&quot;:500}\">\n\t\t\t\t\t\t<div class=\"elementor-container elementor-column-gap-default\">\n\t\t\t\t\t<div class=\"elementor-column elementor-col-50 elementor-top-column elementor-element elementor-element-1882598f\" data-id=\"1882598f\" data-element_type=\"column\">\n\t\t\t<div class=\"elementor-widget-wrap elementor-element-populated\">\n\t\t\t\t\t\t<div class=\"elementor-element elementor-element-3e8e7761 eael-wpforms-labels-yes eael-wpforms-form-button-custom elementor-widget elementor-widget-eael-wpforms\" data-id=\"3e8e7761\" data-element_type=\"widget\" data-widget_type=\"eael-wpforms.default\">\n\t\t\t\t<div class=\"elementor-widget-container\">\n\t\t\t            <div class=\"eael-contact-form eael-wpforms title-description-hide eael-contact-form-align-default\">\n                                    <div class=\"eael-wpforms-heading\">\n                                                                    <\/div>\n                                <div class=\"wpforms-container\" id=\"wpforms-4195\"><form id=\"wpforms-form-4195\" class=\"wpforms-validate wpforms-form\" data-formid=\"4195\" method=\"post\" enctype=\"multipart\/form-data\" action=\"\/en\/wp-json\/wp\/v2\/pages\/4187\" data-token=\"b132d043424857f6c860b2ccc8e74be1\" data-token-time=\"1777209020\" data-trp-original-action=\"\/en\/wp-json\/wp\/v2\/pages\/4187\"><noscript class=\"wpforms-error-noscript\">Please enable JavaScript in your browser to complete this form.<\/noscript><div class=\"wpforms-field-container\"><div id=\"wpforms-4195-field_0-container\" class=\"wpforms-field wpforms-field-name\" data-field-id=\"0\"><label class=\"wpforms-field-label\" for=\"wpforms-4195-field_0\">Name and surname <span class=\"wpforms-required-label\">*<\/span><\/label><input type=\"text\" id=\"wpforms-4195-field_0\" class=\"wpforms-field-medium wpforms-field-required\" name=\"wpforms[fields][0]\" required><\/div><div id=\"wpforms-4195-field_6-container\" class=\"wpforms-field wpforms-field-text\" data-field-id=\"6\"><label class=\"wpforms-field-label\" for=\"wpforms-4195-field_6\">Telephone number <span class=\"wpforms-required-label\">*<\/span><\/label><input type=\"text\" id=\"wpforms-4195-field_6\" class=\"wpforms-field-medium wpforms-field-required\" name=\"wpforms[fields][6]\" required><\/div><div id=\"wpforms-4195-field_1-container\" class=\"wpforms-field wpforms-field-email\" data-field-id=\"1\"><label class=\"wpforms-field-label\" for=\"wpforms-4195-field_1\">E-mail address <span class=\"wpforms-required-label\">*<\/span><\/label><input type=\"email\" id=\"wpforms-4195-field_1\" class=\"wpforms-field-medium wpforms-field-required\" name=\"wpforms[fields][1]\" spellcheck=\"false\" required><\/div><div id=\"wpforms-4195-field_2-container\" class=\"wpforms-field wpforms-field-textarea\" data-field-id=\"2\"><label class=\"wpforms-field-label\" for=\"wpforms-4195-field_2\">Service description and notes <span class=\"wpforms-required-label\">*<\/span><\/label><textarea id=\"wpforms-4195-field_2\" class=\"wpforms-field-medium wpforms-field-required\" name=\"wpforms[fields][2]\" required><\/textarea><\/div><\/div><!-- .wpforms-field-container --><div class=\"wpforms-submit-container\" ><input type=\"hidden\" name=\"wpforms[id]\" value=\"4195\"><input type=\"hidden\" name=\"page_title\" value=\"\"><input type=\"hidden\" name=\"page_url\" value=\"https:\/\/cupping-centres.com\/en\/wp-json\/wp\/v2\/pages\/4187\"><button type=\"submit\" name=\"wpforms[submit]\" id=\"wpforms-submit-4195\" class=\"wpforms-submit\" data-alt-text=\"PROSLJE\u0110ENO!\" data-submit-text=\"NARU\u010cI\" aria-live=\"assertive\" value=\"wpforms-submit\">ORDER<\/button><\/div><input type=\"hidden\" name=\"trp-form-language\" value=\"en\"\/><\/form><\/div>  <!-- .wpforms-container -->            <\/div>\n\t\t<\/div>\n\t\t\t\t<\/div>\n\t\t\t\t\t<\/div>\n\t\t<\/div>\n\t\t\t\t<div class=\"elementor-column elementor-col-50 elementor-top-column elementor-element elementor-element-79a0648 elementor-hidden-tablet elementor-hidden-mobile\" data-id=\"79a0648\" data-element_type=\"column\">\n\t\t\t<div class=\"elementor-widget-wrap elementor-element-populated\">\n\t\t\t\t\t\t<div class=\"elementor-element elementor-element-2f11fe8 elementor-widget elementor-widget-spacer\" data-id=\"2f11fe8\" data-element_type=\"widget\" data-widget_type=\"spacer.default\">\n\t\t\t\t<div class=\"elementor-widget-container\">\n\t\t\t\t\t<div class=\"elementor-spacer\">\n\t\t\t<div class=\"elementor-spacer-inner\"><\/div>\n\t\t<\/div>\n\t\t\t\t<\/div>\n\t\t\t\t<\/div>\n\t\t\t\t<div class=\"elementor-element elementor-element-47a2542 elementor-widget elementor-widget-image\" data-id=\"47a2542\" data-element_type=\"widget\" data-widget_type=\"image.default\">\n\t\t\t\t<div class=\"elementor-widget-container\">\n\t\t\t\t\t\t\t\t\t\t\t\t\t<img fetchpriority=\"high\" decoding=\"async\" width=\"747\" height=\"493\" src=\"https:\/\/cupping-centres.com\/wp-content\/uploads\/2025\/03\/cupping-center-vaucer.png\" class=\"attachment-large size-large wp-image-5289\" alt=\"Cupping Center poklon bon\" \/>\t\t\t\t\t\t\t\t\t\t\t\t\t<\/div>\n\t\t\t\t<\/div>\n\t\t\t\t\t<\/div>\n\t\t<\/div>\n\t\t\t\t\t<\/div>\n\t\t<\/section>\n\t\t\t\t<\/div>","protected":false},"excerpt":{"rendered":"<p>Tra\u017eite ideju za poklon? Mi imamo rje\u0161enje za Vas kako razveseliti Vama dragu osobu lijepim i korisnim poklon bonom. Ovo je idealna prilika da svojoj dragoj osobi poklonite Cupping (vakuum) tretman kakav zaslu\u017euje. Garantiramo vrhunskom i kvalitetnom uslugom u na\u0161em Cupping centru. Kako mo\u017eete preuzeti poklon bon? Poklon bon mo\u017eete preuzeti osobno u na\u0161em Cupping &hellip;<\/p>\n<p class=\"read-more\"> <a class=\"\" href=\"https:\/\/cupping-centres.com\/en\/poklon-bon\/\"> <span class=\"screen-reader-text\">Poklon bon<\/span> Read More &raquo;<\/a><\/p>","protected":false},"author":1,"featured_media":0,"parent":0,"menu_order":0,"comment_status":"closed","ping_status":"closed","template":"","meta":{"_seopress_robots_primary_cat":"","_seopress_titles_title":"Poklon bon %%sep%% %%sitetitle%%","_seopress_titles_desc":"Ne znate \u0161to pokloniti? Iznenadite dragu osobu poklon bonom Cupping Centra i omogu\u0107ite joj tretman po vlastitom izboru.","_seopress_robots_index":"","footnotes":""},"_links":{"self":[{"href":"https:\/\/cupping-centres.com\/en\/wp-json\/wp\/v2\/pages\/4187"}],"collection":[{"href":"https:\/\/cupping-centres.com\/en\/wp-json\/wp\/v2\/pages"}],"about":[{"href":"https:\/\/cupping-centres.com\/en\/wp-json\/wp\/v2\/types\/page"}],"author":[{"embeddable":true,"href":"https:\/\/cupping-centres.com\/en\/wp-json\/wp\/v2\/users\/1"}],"replies":[{"embeddable":true,"href":"https:\/\/cupping-centres.com\/en\/wp-json\/wp\/v2\/comments?post=4187"}],"version-history":[{"count":335,"href":"https:\/\/cupping-centres.com\/en\/wp-json\/wp\/v2\/pages\/4187\/revisions"}],"predecessor-version":[{"id":8529,"href":"https:\/\/cupping-centres.com\/en\/wp-json\/wp\/v2\/pages\/4187\/revisions\/8529"}],"wp:attachment":[{"href":"https:\/\/cupping-centres.com\/en\/wp-json\/wp\/v2\/media?parent=4187"}],"curies":[{"name":"wp","href":"https:\/\/api.w.org\/{rel}","templated":true}]}}