{"id":4072,"date":"2022-12-15T18:20:16","date_gmt":"2022-12-15T18:20:16","guid":{"rendered":"https:\/\/cupping-centres.com\/?page_id=4072"},"modified":"2025-03-31T12:25:10","modified_gmt":"2025-03-31T12:25:10","slug":"trudnice","status":"publish","type":"page","link":"https:\/\/cupping-centres.com\/en\/trudnice\/","title":{"rendered":"Trudnice"},"content":{"rendered":"<div data-elementor-type=\"wp-page\" data-elementor-id=\"4072\" class=\"elementor elementor-4072\">\n\t\t\t\t\t\t<section class=\"elementor-section elementor-top-section elementor-element elementor-element-0d23768 elementor-hidden-desktop elementor-hidden-tablet elementor-hidden-mobile elementor-section-boxed elementor-section-height-default elementor-section-height-default\" data-id=\"0d23768\" data-element_type=\"section\">\n\t\t\t\t\t\t<div class=\"elementor-container elementor-column-gap-default\">\n\t\t\t\t\t<div class=\"elementor-column elementor-col-50 elementor-top-column elementor-element elementor-element-2a95904\" data-id=\"2a95904\" data-element_type=\"column\" data-settings=\"{&quot;background_background&quot;:&quot;slideshow&quot;,&quot;background_slideshow_gallery&quot;:[],&quot;background_slideshow_loop&quot;:&quot;yes&quot;,&quot;background_slideshow_slide_duration&quot;:5000,&quot;background_slideshow_slide_transition&quot;:&quot;fade&quot;,&quot;background_slideshow_transition_duration&quot;:500}\">\n\t\t\t<div class=\"elementor-widget-wrap elementor-element-populated\">\n\t\t\t\t\t\t<div class=\"elementor-element elementor-element-0702704 elementor-widget elementor-widget-image\" data-id=\"0702704\" data-element_type=\"widget\" data-widget_type=\"image.default\">\n\t\t\t\t<div class=\"elementor-widget-container\">\n\t\t\t\t\t\t\t\t\t\t\t\t\t<img fetchpriority=\"high\" decoding=\"async\" width=\"749\" height=\"1024\" src=\"https:\/\/cupping-centres.com\/wp-content\/uploads\/2023\/07\/letak-Cupping-TRUDNICE_novi-qr-code_Page_1-749x1024.jpg\" class=\"attachment-large size-large wp-image-4331\" alt=\"\" srcset=\"https:\/\/cupping-centres.com\/wp-content\/uploads\/2023\/07\/letak-Cupping-TRUDNICE_novi-qr-code_Page_1-749x1024.jpg 749w, https:\/\/cupping-centres.com\/wp-content\/uploads\/2023\/07\/letak-Cupping-TRUDNICE_novi-qr-code_Page_1-219x300.jpg 219w, https:\/\/cupping-centres.com\/wp-content\/uploads\/2023\/07\/letak-Cupping-TRUDNICE_novi-qr-code_Page_1-768x1050.jpg 768w, https:\/\/cupping-centres.com\/wp-content\/uploads\/2023\/07\/letak-Cupping-TRUDNICE_novi-qr-code_Page_1-1123x1536.jpg 1123w, https:\/\/cupping-centres.com\/wp-content\/uploads\/2023\/07\/letak-Cupping-TRUDNICE_novi-qr-code_Page_1-1498x2048.jpg 1498w, https:\/\/cupping-centres.com\/wp-content\/uploads\/2023\/07\/letak-Cupping-TRUDNICE_novi-qr-code_Page_1-9x12.jpg 9w, https:\/\/cupping-centres.com\/wp-content\/uploads\/2023\/07\/letak-Cupping-TRUDNICE_novi-qr-code_Page_1-scaled.jpg 1872w\" sizes=\"(max-width: 749px) 100vw, 749px\" \/>\t\t\t\t\t\t\t\t\t\t\t\t\t<\/div>\n\t\t\t\t<\/div>\n\t\t\t\t\t<\/div>\n\t\t<\/div>\n\t\t\t\t<div class=\"elementor-column elementor-col-50 elementor-top-column elementor-element elementor-element-7a2fca7\" data-id=\"7a2fca7\" data-element_type=\"column\">\n\t\t\t<div class=\"elementor-widget-wrap elementor-element-populated\">\n\t\t\t\t\t\t<div class=\"elementor-element elementor-element-b1bd2fc elementor-widget elementor-widget-image\" data-id=\"b1bd2fc\" data-element_type=\"widget\" data-widget_type=\"image.default\">\n\t\t\t\t<div class=\"elementor-widget-container\">\n\t\t\t\t\t\t\t\t\t\t\t\t\t<img decoding=\"async\" width=\"746\" height=\"1024\" src=\"https:\/\/cupping-centres.com\/wp-content\/uploads\/2023\/07\/letak-Cupping-TRUDNICE_novi-qr-code_Page_2-746x1024.jpg\" class=\"attachment-large size-large wp-image-4332\" alt=\"\" srcset=\"https:\/\/cupping-centres.com\/wp-content\/uploads\/2023\/07\/letak-Cupping-TRUDNICE_novi-qr-code_Page_2-746x1024.jpg 746w, https:\/\/cupping-centres.com\/wp-content\/uploads\/2023\/07\/letak-Cupping-TRUDNICE_novi-qr-code_Page_2-219x300.jpg 219w, https:\/\/cupping-centres.com\/wp-content\/uploads\/2023\/07\/letak-Cupping-TRUDNICE_novi-qr-code_Page_2-768x1054.jpg 768w, https:\/\/cupping-centres.com\/wp-content\/uploads\/2023\/07\/letak-Cupping-TRUDNICE_novi-qr-code_Page_2-1119x1536.jpg 1119w, https:\/\/cupping-centres.com\/wp-content\/uploads\/2023\/07\/letak-Cupping-TRUDNICE_novi-qr-code_Page_2-1493x2048.jpg 1493w, https:\/\/cupping-centres.com\/wp-content\/uploads\/2023\/07\/letak-Cupping-TRUDNICE_novi-qr-code_Page_2-9x12.jpg 9w, https:\/\/cupping-centres.com\/wp-content\/uploads\/2023\/07\/letak-Cupping-TRUDNICE_novi-qr-code_Page_2-scaled.jpg 1866w\" sizes=\"(max-width: 746px) 100vw, 746px\" \/>\t\t\t\t\t\t\t\t\t\t\t\t\t<\/div>\n\t\t\t\t<\/div>\n\t\t\t\t\t<\/div>\n\t\t<\/div>\n\t\t\t\t\t<\/div>\n\t\t<\/section>\n\t\t\t\t<section class=\"elementor-section elementor-top-section elementor-element elementor-element-t5wur6j elementor-section-boxed elementor-section-height-default elementor-section-height-default\" data-id=\"t5wur6j\" data-element_type=\"section\" data-settings=\"{&quot;background_background&quot;:&quot;slideshow&quot;,&quot;background_slideshow_gallery&quot;:[],&quot;background_slideshow_loop&quot;:&quot;yes&quot;,&quot;background_slideshow_slide_duration&quot;:5000,&quot;background_slideshow_slide_transition&quot;:&quot;fade&quot;,&quot;background_slideshow_transition_duration&quot;:500}\">\n\t\t\t\t\t\t<div class=\"elementor-container elementor-column-gap-no\">\n\t\t\t\t\t<div class=\"elementor-column elementor-col-100 elementor-top-column elementor-element elementor-element-730f282\" data-id=\"730f282\" data-element_type=\"column\">\n\t\t\t<div class=\"elementor-widget-wrap elementor-element-populated\">\n\t\t\t\t\t\t<section class=\"elementor-section elementor-inner-section elementor-element elementor-element-be5dae5 elementor-section-content-middle elementor-section-boxed elementor-section-height-default elementor-section-height-default\" data-id=\"be5dae5\" data-element_type=\"section\">\n\t\t\t\t\t\t<div class=\"elementor-container elementor-column-gap-no\">\n\t\t\t\t\t<div class=\"elementor-column elementor-col-66 elementor-inner-column elementor-element elementor-element-956409c\" data-id=\"956409c\" data-element_type=\"column\">\n\t\t\t<div class=\"elementor-widget-wrap elementor-element-populated\">\n\t\t\t\t\t\t<div class=\"elementor-element elementor-element-d1ee831 elementor-widget elementor-widget-image\" data-id=\"d1ee831\" data-element_type=\"widget\" data-widget_type=\"image.default\">\n\t\t\t\t<div class=\"elementor-widget-container\">\n\t\t\t\t\t\t\t\t\t\t\t\t\t<img decoding=\"async\" width=\"1024\" height=\"683\" src=\"https:\/\/cupping-centres.com\/wp-content\/uploads\/2022\/12\/pexels-rodnae-productions-9214990-1024x683.jpg\" class=\"attachment-large size-large wp-image-4088\" alt=\"\" srcset=\"https:\/\/cupping-centres.com\/wp-content\/uploads\/2022\/12\/pexels-rodnae-productions-9214990-1024x683.jpg 1024w, https:\/\/cupping-centres.com\/wp-content\/uploads\/2022\/12\/pexels-rodnae-productions-9214990-300x200.jpg 300w, https:\/\/cupping-centres.com\/wp-content\/uploads\/2022\/12\/pexels-rodnae-productions-9214990-768x512.jpg 768w, https:\/\/cupping-centres.com\/wp-content\/uploads\/2022\/12\/pexels-rodnae-productions-9214990-1536x1024.jpg 1536w, https:\/\/cupping-centres.com\/wp-content\/uploads\/2022\/12\/pexels-rodnae-productions-9214990-2048x1365.jpg 2048w, https:\/\/cupping-centres.com\/wp-content\/uploads\/2022\/12\/pexels-rodnae-productions-9214990-18x12.jpg 18w\" sizes=\"(max-width: 1024px) 100vw, 1024px\" \/>\t\t\t\t\t\t\t\t\t\t\t\t\t<\/div>\n\t\t\t\t<\/div>\n\t\t\t\t\t<\/div>\n\t\t<\/div>\n\t\t\t\t<div class=\"elementor-column elementor-col-33 elementor-inner-column elementor-element elementor-element-c8e4280\" data-id=\"c8e4280\" data-element_type=\"column\" data-settings=\"{&quot;background_background&quot;:&quot;classic&quot;}\">\n\t\t\t<div class=\"elementor-widget-wrap elementor-element-populated\">\n\t\t\t\t\t\t<div class=\"elementor-element elementor-element-e78335d elementor-widget elementor-widget-heading\" data-id=\"e78335d\" data-element_type=\"widget\" data-widget_type=\"heading.default\">\n\t\t\t\t<div class=\"elementor-widget-container\">\n\t\t\t<h3 class=\"elementor-heading-title elementor-size-default\">Cupping for pregnant women<\/h3>\t\t<\/div>\n\t\t\t\t<\/div>\n\t\t\t\t<div class=\"elementor-element elementor-element-1b65755 elementor-widget-divider--view-line elementor-widget elementor-widget-divider\" data-id=\"1b65755\" data-element_type=\"widget\" data-widget_type=\"divider.default\">\n\t\t\t\t<div class=\"elementor-widget-container\">\n\t\t\t\t\t<div class=\"elementor-divider\">\n\t\t\t<span class=\"elementor-divider-separator\">\n\t\t\t\t\t\t<\/span>\n\t\t<\/div>\n\t\t\t\t<\/div>\n\t\t\t\t<\/div>\n\t\t\t\t<div class=\"elementor-element elementor-element-51a22ff elementor-widget__width-initial elementor-widget elementor-widget-text-editor\" data-id=\"51a22ff\" data-element_type=\"widget\" data-widget_type=\"text-editor.default\">\n\t\t\t\t<div class=\"elementor-widget-container\">\n\t\t\t\t\t\t\t<p class=\"MsoNormal\">During pregnancy, every expectant mother experiences many emotional, hormonal, and physical changes. Back pain, a feeling of heavy and swollen legs, stiffness, and insomnia are common pregnancy issues. A professional cupping massage can help alleviate these discomforts and make this challenging period easier.<\/p><p class=\"MsoNormal\">During a cupping massage, the most important thing is to ensure a comfortable position for both the expectant mother and her baby. The massage is performed in a relaxed side-lying or semi-seated position. Cupping massage has proven to be an excellent aid during pregnancy, after childbirth, and while breastfeeding.<o:p><\/o:p><\/p>\t\t\t\t\t\t<\/div>\n\t\t\t\t<\/div>\n\t\t\t\t\t<\/div>\n\t\t<\/div>\n\t\t\t\t\t<\/div>\n\t\t<\/section>\n\t\t\t\t<div class=\"elementor-element elementor-element-9bc51ff elementor-hidden-desktop elementor-hidden-tablet elementor-widget elementor-widget-image\" data-id=\"9bc51ff\" data-element_type=\"widget\" data-widget_type=\"image.default\">\n\t\t\t\t<div class=\"elementor-widget-container\">\n\t\t\t\t\t\t\t\t\t\t\t\t\t<img loading=\"lazy\" decoding=\"async\" width=\"1024\" height=\"683\" src=\"https:\/\/cupping-centres.com\/wp-content\/uploads\/2022\/12\/pexels-cottonbro-studio-5853674-1024x683.jpg\" class=\"attachment-large size-large wp-image-4086\" alt=\"\" srcset=\"https:\/\/cupping-centres.com\/wp-content\/uploads\/2022\/12\/pexels-cottonbro-studio-5853674-1024x683.jpg 1024w, https:\/\/cupping-centres.com\/wp-content\/uploads\/2022\/12\/pexels-cottonbro-studio-5853674-300x200.jpg 300w, https:\/\/cupping-centres.com\/wp-content\/uploads\/2022\/12\/pexels-cottonbro-studio-5853674-768x512.jpg 768w, https:\/\/cupping-centres.com\/wp-content\/uploads\/2022\/12\/pexels-cottonbro-studio-5853674-1536x1024.jpg 1536w, https:\/\/cupping-centres.com\/wp-content\/uploads\/2022\/12\/pexels-cottonbro-studio-5853674-2048x1365.jpg 2048w, https:\/\/cupping-centres.com\/wp-content\/uploads\/2022\/12\/pexels-cottonbro-studio-5853674-18x12.jpg 18w\" sizes=\"(max-width: 1024px) 100vw, 1024px\" \/>\t\t\t\t\t\t\t\t\t\t\t\t\t<\/div>\n\t\t\t\t<\/div>\n\t\t\t\t<section class=\"elementor-section elementor-inner-section elementor-element elementor-element-3e4e694 elementor-section-content-middle elementor-reverse-tablet elementor-reverse-mobile elementor-section-boxed elementor-section-height-default elementor-section-height-default\" data-id=\"3e4e694\" data-element_type=\"section\" data-settings=\"{&quot;background_background&quot;:&quot;classic&quot;}\">\n\t\t\t\t\t\t<div class=\"elementor-container elementor-column-gap-no\">\n\t\t\t\t\t<div class=\"elementor-column elementor-col-50 elementor-inner-column elementor-element elementor-element-d4d12d3\" data-id=\"d4d12d3\" data-element_type=\"column\" data-settings=\"{&quot;background_background&quot;:&quot;classic&quot;}\">\n\t\t\t<div class=\"elementor-widget-wrap elementor-element-populated\">\n\t\t\t\t\t\t<div class=\"elementor-element elementor-element-02990d7 elementor-widget elementor-widget-heading\" data-id=\"02990d7\" data-element_type=\"widget\" data-widget_type=\"heading.default\">\n\t\t\t\t<div class=\"elementor-widget-container\">\n\t\t\t<h3 class=\"elementor-heading-title elementor-size-default\">What do we achieve with cupping \/ hijama?<\/h3>\t\t<\/div>\n\t\t\t\t<\/div>\n\t\t\t\t<div class=\"elementor-element elementor-element-d4e30e0 elementor-widget-divider--view-line elementor-widget elementor-widget-divider\" data-id=\"d4e30e0\" data-element_type=\"widget\" data-widget_type=\"divider.default\">\n\t\t\t\t<div class=\"elementor-widget-container\">\n\t\t\t\t\t<div class=\"elementor-divider\">\n\t\t\t<span class=\"elementor-divider-separator\">\n\t\t\t\t\t\t<\/span>\n\t\t<\/div>\n\t\t\t\t<\/div>\n\t\t\t\t<\/div>\n\t\t\t\t<div class=\"elementor-element elementor-element-fdaeba5 elementor-widget__width-initial elementor-widget elementor-widget-text-editor\" data-id=\"fdaeba5\" data-element_type=\"widget\" data-widget_type=\"text-editor.default\">\n\t\t\t\t<div class=\"elementor-widget-container\">\n\t\t\t\t\t\t\t<p>Cupping helps reduce pressure on the most strained areas of the body, such as the ankles, lower back, and pelvis. It alleviates neck and back pain caused by muscle imbalances and weakness. Additionally, it supports proper posture, prepares the necessary muscles for childbirth, reduces swelling in the hands and legs, relieves sciatic pain, prevents calf cramps, and helps with headaches and sinus pain.<\/p><p>Cupping provides relief from muscle cramps, back, neck, hip, and leg pain. It improves blood and lymph circulation, reducing swelling, increases skin elasticity, and supports both the physical and emotional energy of motherhood.<\/p>\t\t\t\t\t\t<\/div>\n\t\t\t\t<\/div>\n\t\t\t\t\t<\/div>\n\t\t<\/div>\n\t\t\t\t<div class=\"elementor-column elementor-col-50 elementor-inner-column elementor-element elementor-element-22574b9 elementor-hidden-mobile\" data-id=\"22574b9\" data-element_type=\"column\">\n\t\t\t<div class=\"elementor-widget-wrap elementor-element-populated\">\n\t\t\t\t\t\t<div class=\"elementor-element elementor-element-681194e elementor-widget__width-initial elementor-widget-mobile__width-initial elementor-widget elementor-widget-image\" data-id=\"681194e\" data-element_type=\"widget\" data-widget_type=\"image.default\">\n\t\t\t\t<div class=\"elementor-widget-container\">\n\t\t\t\t\t\t\t\t\t\t\t\t\t<img loading=\"lazy\" decoding=\"async\" width=\"1024\" height=\"683\" src=\"https:\/\/cupping-centres.com\/wp-content\/uploads\/2022\/12\/pexels-cottonbro-studio-5853674-1024x683.jpg\" class=\"attachment-large size-large wp-image-4086\" alt=\"\" srcset=\"https:\/\/cupping-centres.com\/wp-content\/uploads\/2022\/12\/pexels-cottonbro-studio-5853674-1024x683.jpg 1024w, https:\/\/cupping-centres.com\/wp-content\/uploads\/2022\/12\/pexels-cottonbro-studio-5853674-300x200.jpg 300w, https:\/\/cupping-centres.com\/wp-content\/uploads\/2022\/12\/pexels-cottonbro-studio-5853674-768x512.jpg 768w, https:\/\/cupping-centres.com\/wp-content\/uploads\/2022\/12\/pexels-cottonbro-studio-5853674-1536x1024.jpg 1536w, https:\/\/cupping-centres.com\/wp-content\/uploads\/2022\/12\/pexels-cottonbro-studio-5853674-2048x1365.jpg 2048w, https:\/\/cupping-centres.com\/wp-content\/uploads\/2022\/12\/pexels-cottonbro-studio-5853674-18x12.jpg 18w\" sizes=\"(max-width: 1024px) 100vw, 1024px\" \/>\t\t\t\t\t\t\t\t\t\t\t\t\t<\/div>\n\t\t\t\t<\/div>\n\t\t\t\t\t<\/div>\n\t\t<\/div>\n\t\t\t\t\t<\/div>\n\t\t<\/section>\n\t\t\t\t\t<\/div>\n\t\t<\/div>\n\t\t\t\t\t<\/div>\n\t\t<\/section>\n\t\t\t\t<section class=\"elementor-section elementor-top-section elementor-element elementor-element-mhsr3oe elementor-section-boxed elementor-section-height-default elementor-section-height-default\" data-id=\"mhsr3oe\" data-element_type=\"section\" data-settings=\"{&quot;background_background&quot;:&quot;classic&quot;}\">\n\t\t\t\t\t\t<div class=\"elementor-container elementor-column-gap-no\">\n\t\t\t\t\t<div class=\"elementor-column elementor-col-100 elementor-top-column elementor-element elementor-element-04e94c9\" data-id=\"04e94c9\" data-element_type=\"column\">\n\t\t\t<div class=\"elementor-widget-wrap elementor-element-populated\">\n\t\t\t\t\t\t<div class=\"elementor-element elementor-element-b041143 elementor-widget elementor-widget-heading\" data-id=\"b041143\" data-element_type=\"widget\" data-widget_type=\"heading.default\">\n\t\t\t\t<div class=\"elementor-widget-container\">\n\t\t\t<h2 class=\"elementor-heading-title elementor-size-default\">Our satisfied moms-to-be!<\/h2>\t\t<\/div>\n\t\t\t\t<\/div>\n\t\t\t\t<div class=\"elementor-element elementor-element-ab8fca3 elementor-widget-divider--view-line elementor-widget elementor-widget-divider\" data-id=\"ab8fca3\" data-element_type=\"widget\" data-widget_type=\"divider.default\">\n\t\t\t\t<div class=\"elementor-widget-container\">\n\t\t\t\t\t<div class=\"elementor-divider\">\n\t\t\t<span class=\"elementor-divider-separator\">\n\t\t\t\t\t\t<\/span>\n\t\t<\/div>\n\t\t\t\t<\/div>\n\t\t\t\t<\/div>\n\t\t\t\t<section class=\"elementor-section elementor-inner-section elementor-element elementor-element-b4fdc35 elementor-section-boxed elementor-section-height-default elementor-section-height-default\" data-id=\"b4fdc35\" data-element_type=\"section\">\n\t\t\t\t\t\t<div class=\"elementor-container elementor-column-gap-wider\">\n\t\t\t\t\t<div class=\"elementor-column elementor-col-33 elementor-inner-column elementor-element elementor-element-ec391be\" data-id=\"ec391be\" data-element_type=\"column\" data-settings=\"{&quot;background_background&quot;:&quot;classic&quot;}\">\n\t\t\t<div class=\"elementor-widget-wrap elementor-element-populated\">\n\t\t\t\t\t\t<div class=\"elementor-element elementor-element-6701227 elementor-view-default elementor-widget elementor-widget-icon\" data-id=\"6701227\" data-element_type=\"widget\" data-widget_type=\"icon.default\">\n\t\t\t\t<div class=\"elementor-widget-container\">\n\t\t\t\t\t<div class=\"elementor-icon-wrapper\">\n\t\t\t<div class=\"elementor-icon\">\n\t\t\t<i aria-hidden=\"true\" class=\"fas fa-quote-left\"><\/i>\t\t\t<\/div>\n\t\t<\/div>\n\t\t\t\t<\/div>\n\t\t\t\t<\/div>\n\t\t\t\t<div class=\"elementor-element elementor-element-f88d14e elementor-widget elementor-widget-text-editor\" data-id=\"f88d14e\" data-element_type=\"widget\" data-widget_type=\"text-editor.default\">\n\t\t\t\t<div class=\"elementor-widget-container\">\n\t\t\t\t\t\t\t<p>It\u2019s an understatement to say that thanks to cupping and the doctor, I was able to walk in the last days of my pregnancy, considering how much water retention I had. After just one session, the pain from the swelling disappeared, and I continued with the therapy until birth. And just yesterday, I had my first cupping session postpartum\u2014what a relaxation! Thank you from the bottom of my heart.<\/p>\t\t\t\t\t\t<\/div>\n\t\t\t\t<\/div>\n\t\t\t\t<div class=\"elementor-element elementor-element-4c97fda elementor-widget-divider--view-line elementor-widget elementor-widget-divider\" data-id=\"4c97fda\" data-element_type=\"widget\" data-widget_type=\"divider.default\">\n\t\t\t\t<div class=\"elementor-widget-container\">\n\t\t\t\t\t<div class=\"elementor-divider\">\n\t\t\t<span class=\"elementor-divider-separator\">\n\t\t\t\t\t\t<\/span>\n\t\t<\/div>\n\t\t\t\t<\/div>\n\t\t\t\t<\/div>\n\t\t\t\t<div class=\"elementor-element elementor-element-dbe8af5 elementor-widget__width-auto elementor-vertical-align-top elementor-widget elementor-widget-image-box\" data-id=\"dbe8af5\" data-element_type=\"widget\" data-widget_type=\"image-box.default\">\n\t\t\t\t<div class=\"elementor-widget-container\">\n\t\t\t<div class=\"elementor-image-box-wrapper\"><div class=\"elementor-image-box-content\"><h5 class=\"elementor-image-box-title\">Nina<\/h5><\/div><\/div>\t\t<\/div>\n\t\t\t\t<\/div>\n\t\t\t\t\t<\/div>\n\t\t<\/div>\n\t\t\t\t<div class=\"elementor-column elementor-col-33 elementor-inner-column elementor-element elementor-element-299de99\" data-id=\"299de99\" data-element_type=\"column\" data-settings=\"{&quot;background_background&quot;:&quot;classic&quot;}\">\n\t\t\t<div class=\"elementor-widget-wrap elementor-element-populated\">\n\t\t\t\t\t\t<div class=\"elementor-element elementor-element-126723c elementor-view-default elementor-widget elementor-widget-icon\" data-id=\"126723c\" data-element_type=\"widget\" data-widget_type=\"icon.default\">\n\t\t\t\t<div class=\"elementor-widget-container\">\n\t\t\t\t\t<div class=\"elementor-icon-wrapper\">\n\t\t\t<div class=\"elementor-icon\">\n\t\t\t<i aria-hidden=\"true\" class=\"fas fa-quote-left\"><\/i>\t\t\t<\/div>\n\t\t<\/div>\n\t\t\t\t<\/div>\n\t\t\t\t<\/div>\n\t\t\t\t<div class=\"elementor-element elementor-element-63d184b elementor-widget elementor-widget-text-editor\" data-id=\"63d184b\" data-element_type=\"widget\" data-widget_type=\"text-editor.default\">\n\t\t\t\t<div class=\"elementor-widget-container\">\n\t\t\t\t\t\t\t<p>I can\u2019t describe the feeling of relief in the final days of pregnancy thanks to Cupping therapy. My legs literally doubled in size from swelling, and I couldn\u2019t even put on sneakers or bend my toes because of the amount of water retention in my body. After just one session, I was able to fit into my shoes, and the pain in my hands disappeared. I can\u2019t wait to recover from my C-section so I can go back for therapy because, besides its health benefits, it also helps release toxins from the body.<\/p>\t\t\t\t\t\t<\/div>\n\t\t\t\t<\/div>\n\t\t\t\t<div class=\"elementor-element elementor-element-4ee1153 elementor-widget__width-auto elementor-vertical-align-top elementor-widget elementor-widget-image-box\" data-id=\"4ee1153\" data-element_type=\"widget\" data-widget_type=\"image-box.default\">\n\t\t\t\t<div class=\"elementor-widget-container\">\n\t\t\t<div class=\"elementor-image-box-wrapper\"><div class=\"elementor-image-box-content\"><h4 class=\"elementor-image-box-title\">Nikolina<\/h4><\/div><\/div>\t\t<\/div>\n\t\t\t\t<\/div>\n\t\t\t\t\t<\/div>\n\t\t<\/div>\n\t\t\t\t<div class=\"elementor-column elementor-col-33 elementor-inner-column elementor-element elementor-element-d8c1849\" data-id=\"d8c1849\" data-element_type=\"column\" data-settings=\"{&quot;background_background&quot;:&quot;classic&quot;}\">\n\t\t\t<div class=\"elementor-widget-wrap elementor-element-populated\">\n\t\t\t\t\t\t<div class=\"elementor-element elementor-element-fff9a0d elementor-view-default elementor-widget elementor-widget-icon\" data-id=\"fff9a0d\" data-element_type=\"widget\" data-widget_type=\"icon.default\">\n\t\t\t\t<div class=\"elementor-widget-container\">\n\t\t\t\t\t<div class=\"elementor-icon-wrapper\">\n\t\t\t<div class=\"elementor-icon\">\n\t\t\t<i aria-hidden=\"true\" class=\"fas fa-quote-left\"><\/i>\t\t\t<\/div>\n\t\t<\/div>\n\t\t\t\t<\/div>\n\t\t\t\t<\/div>\n\t\t\t\t<div class=\"elementor-element elementor-element-a4a4450 elementor-widget elementor-widget-text-editor\" data-id=\"a4a4450\" data-element_type=\"widget\" data-widget_type=\"text-editor.default\">\n\t\t\t\t<div class=\"elementor-widget-container\">\n\t\t\t\t\t\t\t<p>A friend recommended the Cupping Center to me because I often complained about back pain. After just one session, I started feeling much better. In the meantime, I became pregnant\u2014it\u2019s my third pregnancy. In the last three months, I started experiencing swelling in my legs and hands. Cupping and Dr. Mehran were my lifesavers. Besides reducing the swelling, the therapy also greatly helped with my back pain. After giving birth, I am continuing with the sessions to recover as quickly as possible, restore my skin\u2019s elasticity, and support my back through breastfeeding and rocking my baby.<\/p>\t\t\t\t\t\t<\/div>\n\t\t\t\t<\/div>\n\t\t\t\t<div class=\"elementor-element elementor-element-122b5c9 elementor-widget-divider--view-line elementor-widget elementor-widget-divider\" data-id=\"122b5c9\" data-element_type=\"widget\" data-widget_type=\"divider.default\">\n\t\t\t\t<div class=\"elementor-widget-container\">\n\t\t\t\t\t<div class=\"elementor-divider\">\n\t\t\t<span class=\"elementor-divider-separator\">\n\t\t\t\t\t\t<\/span>\n\t\t<\/div>\n\t\t\t\t<\/div>\n\t\t\t\t<\/div>\n\t\t\t\t<div class=\"elementor-element elementor-element-8e8d068 elementor-widget__width-auto elementor-vertical-align-top elementor-widget elementor-widget-image-box\" data-id=\"8e8d068\" data-element_type=\"widget\" data-widget_type=\"image-box.default\">\n\t\t\t\t<div class=\"elementor-widget-container\">\n\t\t\t<div class=\"elementor-image-box-wrapper\"><div class=\"elementor-image-box-content\"><h4 class=\"elementor-image-box-title\">Danijela<\/h4><\/div><\/div>\t\t<\/div>\n\t\t\t\t<\/div>\n\t\t\t\t\t<\/div>\n\t\t<\/div>\n\t\t\t\t\t<\/div>\n\t\t<\/section>\n\t\t\t\t\t<\/div>\n\t\t<\/div>\n\t\t\t\t\t<\/div>\n\t\t<\/section>\n\t\t\t\t<\/div>","protected":false},"excerpt":{"rendered":"<p>Cupping za trudnice Tijekom trudno\u0107e svaka trudnica prolazi kroz mnogo emocionalnih, hormonalnih i fizi\u010dkih promjena. Bolovi u le\u0111ima, osje\u0107aj te\u0161kih nogu i njihovo oticanje, uko\u010denost, nesanica \u2013 sve su to uobi\u010dajeni problemi u trudno\u0107i, a stru\u010dna Cupping masa\u017ea mo\u017ee olak\u0161ati taj nimalo lak period. Tijekom Cupping masa\u017ee najva\u017enije je da polo\u017eaj bude ugodan budu\u0107oj majci &hellip;<\/p>\n<p class=\"read-more\"> <a class=\"\" href=\"https:\/\/cupping-centres.com\/en\/trudnice\/\"> <span class=\"screen-reader-text\">Trudnice<\/span> Read More &raquo;<\/a><\/p>","protected":false},"author":1,"featured_media":0,"parent":0,"menu_order":0,"comment_status":"closed","ping_status":"closed","template":"","meta":{"_seopress_robots_primary_cat":"","_seopress_titles_title":"Cupping za trudnice - Cupping Center","_seopress_titles_desc":"Cupping terapija za trudnice pokazala se kao odli\u010dna pomo\u0107 tijekom trudno\u0107e, nakon poroda te za vrijeme dojenja.","_seopress_robots_index":"","footnotes":""},"_links":{"self":[{"href":"https:\/\/cupping-centres.com\/en\/wp-json\/wp\/v2\/pages\/4072"}],"collection":[{"href":"https:\/\/cupping-centres.com\/en\/wp-json\/wp\/v2\/pages"}],"about":[{"href":"https:\/\/cupping-centres.com\/en\/wp-json\/wp\/v2\/types\/page"}],"author":[{"embeddable":true,"href":"https:\/\/cupping-centres.com\/en\/wp-json\/wp\/v2\/users\/1"}],"replies":[{"embeddable":true,"href":"https:\/\/cupping-centres.com\/en\/wp-json\/wp\/v2\/comments?post=4072"}],"version-history":[{"count":199,"href":"https:\/\/cupping-centres.com\/en\/wp-json\/wp\/v2\/pages\/4072\/revisions"}],"predecessor-version":[{"id":8037,"href":"https:\/\/cupping-centres.com\/en\/wp-json\/wp\/v2\/pages\/4072\/revisions\/8037"}],"wp:attachment":[{"href":"https:\/\/cupping-centres.com\/en\/wp-json\/wp\/v2\/media?parent=4072"}],"curies":[{"name":"wp","href":"https:\/\/api.w.org\/{rel}","templated":true}]}}