{"id":1481,"date":"2020-10-27T08:11:30","date_gmt":"2020-10-27T08:11:30","guid":{"rendered":"https:\/\/cupping-centres.com\/?page_id=1481"},"modified":"2025-04-04T21:55:51","modified_gmt":"2025-04-04T21:55:51","slug":"about","status":"publish","type":"page","link":"https:\/\/cupping-centres.com\/en\/about\/","title":{"rendered":"ABOUT US"},"content":{"rendered":"<div data-elementor-type=\"wp-page\" data-elementor-id=\"1481\" class=\"elementor elementor-1481\">\n\t\t\t\t\t\t<section class=\"elementor-section elementor-top-section elementor-element elementor-element-426b0bcd elementor-section-full_width elementor-section-content-middle elementor-hidden-desktop elementor-hidden-tablet elementor-hidden-mobile elementor-section-height-default elementor-section-height-default\" data-id=\"426b0bcd\" data-element_type=\"section\">\n\t\t\t\t\t\t<div class=\"elementor-container elementor-column-gap-no\">\n\t\t\t\t\t<div class=\"elementor-column elementor-col-50 elementor-top-column elementor-element elementor-element-35d77ce6\" data-id=\"35d77ce6\" data-element_type=\"column\" data-settings=\"{&quot;background_background&quot;:&quot;classic&quot;}\">\n\t\t\t<div class=\"elementor-widget-wrap elementor-element-populated\">\n\t\t\t\t\t<div class=\"elementor-background-overlay\"><\/div>\n\t\t\t\t\t\t<div class=\"elementor-element elementor-element-67d90a3f elementor-widget__width-auto elementor-widget-mobile__width-initial elementor-absolute elementor-widget elementor-widget-heading\" data-id=\"67d90a3f\" data-element_type=\"widget\" data-settings=\"{&quot;_position&quot;:&quot;absolute&quot;}\" data-widget_type=\"heading.default\">\n\t\t\t\t<div class=\"elementor-widget-container\">\n\t\t\t<h3 class=\"elementor-heading-title elementor-size-default\">Dr. Mehran Shafie<\/h3>\t\t<\/div>\n\t\t\t\t<\/div>\n\t\t\t\t\t<\/div>\n\t\t<\/div>\n\t\t\t\t<div class=\"elementor-column elementor-col-50 elementor-top-column elementor-element elementor-element-72fe5f36\" data-id=\"72fe5f36\" data-element_type=\"column\">\n\t\t\t<div class=\"elementor-widget-wrap elementor-element-populated\">\n\t\t\t\t\t\t<div class=\"elementor-element elementor-element-5191baac elementor-widget elementor-widget-text-editor\" data-id=\"5191baac\" data-element_type=\"widget\" data-widget_type=\"text-editor.default\">\n\t\t\t\t<div class=\"elementor-widget-container\">\n\t\t\t\t\t\t\t<p class=\" translation-block\">Dr. Mehran Shafie graduated from the Medical Faculty of the University of Zagreb in 1994\nand obtained a doctorate in medicine. He completed a specialization in orthopedics and\ntraumatology at the Clinic for Bone Surgery of the Clinical Center of the University of\nSarajevo, and dealt mainly with pediatric orthopedics and hip prosthetics.<\/p><p>He has been in contact with cupping for a long time. In his home country, Iran, cupping is a\nrecognized traditional method of treatment and is performed in specialized clinics.<\/p><p>He attended a traditional cupping course (hijam) in Iran and then studied independently what\ncan and should be treated with cupping. He obtained an international license as a physician\nqualified to actively conduct cupping independently.<\/p><p>He has extensive international work experience in cupping therapy (UK, Egypt, Sudan).<\/p><p>He founded the Cupping Center in Croatia and has been actively involved in cupping for the\nlast two years. His understanding of cupping goes beyond the traditional framework, thus\nchanging the limits of the possibility of applying cupping in eliminating and alleviating the\nsymptoms of certain diseases.<\/p>\t\t\t\t\t\t<\/div>\n\t\t\t\t<\/div>\n\t\t\t\t\t<\/div>\n\t\t<\/div>\n\t\t\t\t\t<\/div>\n\t\t<\/section>\n\t\t\t\t<section class=\"elementor-section elementor-top-section elementor-element elementor-element-2e5ece23 elementor-section-content-middle elementor-section-boxed elementor-section-height-default elementor-section-height-default\" data-id=\"2e5ece23\" data-element_type=\"section\">\n\t\t\t\t\t\t<div class=\"elementor-container elementor-column-gap-no\">\n\t\t\t\t\t<div class=\"elementor-column elementor-col-50 elementor-top-column elementor-element elementor-element-7160abbb\" data-id=\"7160abbb\" data-element_type=\"column\">\n\t\t\t<div class=\"elementor-widget-wrap elementor-element-populated\">\n\t\t\t\t\t\t<div class=\"elementor-element elementor-element-6c4fe0d7 elementor-widget-divider--view-line elementor-widget elementor-widget-divider\" data-id=\"6c4fe0d7\" data-element_type=\"widget\" data-widget_type=\"divider.default\">\n\t\t\t\t<div class=\"elementor-widget-container\">\n\t\t\t\t\t<div class=\"elementor-divider\">\n\t\t\t<span class=\"elementor-divider-separator\">\n\t\t\t\t\t\t<\/span>\n\t\t<\/div>\n\t\t\t\t<\/div>\n\t\t\t\t<\/div>\n\t\t\t\t<div class=\"elementor-element elementor-element-53296f3 elementor-widget elementor-widget-heading\" data-id=\"53296f3\" data-element_type=\"widget\" data-widget_type=\"heading.default\">\n\t\t\t\t<div class=\"elementor-widget-container\">\n\t\t\t<h4 class=\"elementor-heading-title elementor-size-default\">DR. MEHRAN SHAFIE<\/h4>\t\t<\/div>\n\t\t\t\t<\/div>\n\t\t\t\t\t<\/div>\n\t\t<\/div>\n\t\t\t\t<div class=\"elementor-column elementor-col-50 elementor-top-column elementor-element elementor-element-47cec04f\" data-id=\"47cec04f\" data-element_type=\"column\">\n\t\t\t<div class=\"elementor-widget-wrap elementor-element-populated\">\n\t\t\t\t\t\t<div class=\"elementor-element elementor-element-54d04e3 elementor-widget elementor-widget-image\" data-id=\"54d04e3\" data-element_type=\"widget\" data-widget_type=\"image.default\">\n\t\t\t\t<div class=\"elementor-widget-container\">\n\t\t\t\t\t\t\t\t\t\t\t\t\t<img fetchpriority=\"high\" decoding=\"async\" width=\"1024\" height=\"678\" src=\"https:\/\/cupping-centres.com\/wp-content\/uploads\/2022\/08\/5990080352909113482_121-1-1024x678.jpg\" class=\"attachment-large size-large wp-image-3174\" alt=\"Dr. Mehran Shafie\" srcset=\"https:\/\/cupping-centres.com\/wp-content\/uploads\/2022\/08\/5990080352909113482_121-1-1024x678.jpg 1024w, https:\/\/cupping-centres.com\/wp-content\/uploads\/2022\/08\/5990080352909113482_121-1-300x199.jpg 300w, https:\/\/cupping-centres.com\/wp-content\/uploads\/2022\/08\/5990080352909113482_121-1-768x509.jpg 768w, https:\/\/cupping-centres.com\/wp-content\/uploads\/2022\/08\/5990080352909113482_121-1-18x12.jpg 18w, https:\/\/cupping-centres.com\/wp-content\/uploads\/2022\/08\/5990080352909113482_121-1.jpg 1280w\" sizes=\"(max-width: 1024px) 100vw, 1024px\" \/>\t\t\t\t\t\t\t\t\t\t\t\t\t<\/div>\n\t\t\t\t<\/div>\n\t\t\t\t<div class=\"elementor-element elementor-element-eaa7cf6 elementor-widget elementor-widget-text-editor\" data-id=\"eaa7cf6\" data-element_type=\"widget\" data-widget_type=\"text-editor.default\">\n\t\t\t\t<div class=\"elementor-widget-container\">\n\t\t\t\t\t\t\t<p class=\" translation-block\">Dr. Mehran Shafie graduated from the Medical Faculty of the University of Zagreb in 1994\nand obtained a doctorate in medicine. He completed a specialization in orthopedics and\ntraumatology at the Clinic for Bone Surgery of the Clinical Center of the University of\nSarajevo, and dealt mainly with pediatric orthopedics and hip prosthetics.<\/p><p>He has been in contact with cupping for a long time. In his home country, Iran, cupping is a\nrecognized traditional method of treatment and is performed in specialized clinics.<\/p>\t\t\t\t\t\t<\/div>\n\t\t\t\t<\/div>\n\t\t\t\t<div class=\"elementor-element elementor-element-52eb303 elementor-widget elementor-widget-image\" data-id=\"52eb303\" data-element_type=\"widget\" data-widget_type=\"image.default\">\n\t\t\t\t<div class=\"elementor-widget-container\">\n\t\t\t\t\t\t\t\t\t\t\t\t\t<img decoding=\"async\" width=\"1024\" height=\"678\" src=\"https:\/\/cupping-centres.com\/wp-content\/uploads\/2022\/08\/5990080352909113478_121-1024x678.jpg\" class=\"attachment-large size-large wp-image-2827\" alt=\"\" srcset=\"https:\/\/cupping-centres.com\/wp-content\/uploads\/2022\/08\/5990080352909113478_121-1024x678.jpg 1024w, https:\/\/cupping-centres.com\/wp-content\/uploads\/2022\/08\/5990080352909113478_121-300x199.jpg 300w, https:\/\/cupping-centres.com\/wp-content\/uploads\/2022\/08\/5990080352909113478_121-768x509.jpg 768w, https:\/\/cupping-centres.com\/wp-content\/uploads\/2022\/08\/5990080352909113478_121-18x12.jpg 18w, https:\/\/cupping-centres.com\/wp-content\/uploads\/2022\/08\/5990080352909113478_121.jpg 1280w\" sizes=\"(max-width: 1024px) 100vw, 1024px\" \/>\t\t\t\t\t\t\t\t\t\t\t\t\t<\/div>\n\t\t\t\t<\/div>\n\t\t\t\t<div class=\"elementor-element elementor-element-3d8323e elementor-widget elementor-widget-text-editor\" data-id=\"3d8323e\" data-element_type=\"widget\" data-widget_type=\"text-editor.default\">\n\t\t\t\t<div class=\"elementor-widget-container\">\n\t\t\t\t\t\t\t<p style=\"font-size: 18px; font-style: normal; font-weight: 300; color: #393939;\">He attended a traditional cupping course (hijam) in Iran and then studied independently what\ncan and should be treated with cupping. He obtained an international license as a physician\nqualified to actively conduct cupping independently.<\/p><p style=\"font-size: 18px; font-style: normal; font-weight: 300; color: #393939;\">He has extensive international work experience in cupping therapy (UK, Egypt, Sudan).<\/p>\t\t\t\t\t\t<\/div>\n\t\t\t\t<\/div>\n\t\t\t\t<div class=\"elementor-element elementor-element-af360cf elementor-widget elementor-widget-image\" data-id=\"af360cf\" data-element_type=\"widget\" data-widget_type=\"image.default\">\n\t\t\t\t<div class=\"elementor-widget-container\">\n\t\t\t\t\t\t\t\t\t\t\t\t\t<img decoding=\"async\" width=\"1024\" height=\"678\" src=\"https:\/\/cupping-centres.com\/wp-content\/uploads\/2022\/09\/5990080352909113501_121-1024x678.jpg\" class=\"attachment-large size-large wp-image-3485\" alt=\"\" srcset=\"https:\/\/cupping-centres.com\/wp-content\/uploads\/2022\/09\/5990080352909113501_121-1024x678.jpg 1024w, https:\/\/cupping-centres.com\/wp-content\/uploads\/2022\/09\/5990080352909113501_121-300x199.jpg 300w, https:\/\/cupping-centres.com\/wp-content\/uploads\/2022\/09\/5990080352909113501_121-768x509.jpg 768w, https:\/\/cupping-centres.com\/wp-content\/uploads\/2022\/09\/5990080352909113501_121-18x12.jpg 18w, https:\/\/cupping-centres.com\/wp-content\/uploads\/2022\/09\/5990080352909113501_121.jpg 1280w\" sizes=\"(max-width: 1024px) 100vw, 1024px\" \/>\t\t\t\t\t\t\t\t\t\t\t\t\t<\/div>\n\t\t\t\t<\/div>\n\t\t\t\t<div class=\"elementor-element elementor-element-c9c609b elementor-widget elementor-widget-text-editor\" data-id=\"c9c609b\" data-element_type=\"widget\" data-widget_type=\"text-editor.default\">\n\t\t\t\t<div class=\"elementor-widget-container\">\n\t\t\t\t\t\t\t<p><span style=\"color: #393939; font-size: 18px; font-style: normal; font-weight: 300;\">He founded the Cupping Center in Croatia and has been actively involved in cupping for the\nlast two years. His understanding of cupping goes beyond the traditional framework, thus\nchanging the limits of the possibility of applying cupping in eliminating and alleviating the\nsymptoms of certain diseases.<\/span><\/p>\t\t\t\t\t\t<\/div>\n\t\t\t\t<\/div>\n\t\t\t\t\t<\/div>\n\t\t<\/div>\n\t\t\t\t\t<\/div>\n\t\t<\/section>\n\t\t\t\t<\/div>","protected":false},"excerpt":{"rendered":"<p>Dr. Mehran Shafie Dr. Mehran Shafie\u00a0diplomirao je na Medicinskom fakultetu Sveu\u010dili\u0161ta u Zagrebu 1994. godine i stekao zvanje doktora medicine. Na Klinici za ko\u0161tanu kirurgiju Klini\u010dkog centra Univerziteta u Sarajevu zavr\u0161io je specijalizaciju iz ortopedije i traumatologije te se bavio poglavito dje\u010djom ortopedijom i protetikom kuka. Dugo je u kontaktu s cuppingom. U njegovoj rodnoj &hellip;<\/p>\n<p class=\"read-more\"> <a class=\"\" href=\"https:\/\/cupping-centres.com\/en\/about\/\"> <span class=\"screen-reader-text\">ABOUT US<\/span> Read More &raquo;<\/a><\/p>","protected":false},"author":1,"featured_media":3174,"parent":0,"menu_order":0,"comment_status":"closed","ping_status":"closed","template":"","meta":{"_seopress_robots_primary_cat":"","_seopress_titles_title":"O NAMA %%sep%% %%sitetitle%%","_seopress_titles_desc":"Dr. Mehran Shafie diplomirao je na Medicinskom fakultetu Sveu\u010dili\u0161ta u Zagrebu 1994. godine i stekao zvanje doktora medicine.","_seopress_robots_index":"","footnotes":""},"_links":{"self":[{"href":"https:\/\/cupping-centres.com\/en\/wp-json\/wp\/v2\/pages\/1481"}],"collection":[{"href":"https:\/\/cupping-centres.com\/en\/wp-json\/wp\/v2\/pages"}],"about":[{"href":"https:\/\/cupping-centres.com\/en\/wp-json\/wp\/v2\/types\/page"}],"author":[{"embeddable":true,"href":"https:\/\/cupping-centres.com\/en\/wp-json\/wp\/v2\/users\/1"}],"replies":[{"embeddable":true,"href":"https:\/\/cupping-centres.com\/en\/wp-json\/wp\/v2\/comments?post=1481"}],"version-history":[{"count":258,"href":"https:\/\/cupping-centres.com\/en\/wp-json\/wp\/v2\/pages\/1481\/revisions"}],"predecessor-version":[{"id":8202,"href":"https:\/\/cupping-centres.com\/en\/wp-json\/wp\/v2\/pages\/1481\/revisions\/8202"}],"wp:featuredmedia":[{"embeddable":true,"href":"https:\/\/cupping-centres.com\/en\/wp-json\/wp\/v2\/media\/3174"}],"wp:attachment":[{"href":"https:\/\/cupping-centres.com\/en\/wp-json\/wp\/v2\/media?parent=1481"}],"curies":[{"name":"wp","href":"https:\/\/api.w.org\/{rel}","templated":true}]}}